{"id":13841,"date":"2025-08-26T14:38:08","date_gmt":"2025-08-26T11:38:08","guid":{"rendered":"https:\/\/soapladyoludeniz.com\/soapladyshop\/?post_type=product&#038;p=13841"},"modified":"2025-10-30T15:15:17","modified_gmt":"2025-10-30T12:15:17","slug":"kahve-sabunu","status":"publish","type":"product","link":"https:\/\/soapladyoludeniz.com\/soapladyshop\/tr\/urun\/kahve-sabunu\/","title":{"rendered":"Kahve Sabunu"},"content":{"rendered":"<p class=\"p1\"><b>Kahve Sabununun \u00d6zellikleri<\/b><\/p>\n<ul class=\"ul1\">\n<li class=\"li3\"><b>Cilt Yenileyici<\/b> <span class=\"s1\">\u2728<\/span>: Rosacea semptomlar\u0131n\u0131 hafifletir, y\u00fczdeki k\u0131r\u0131\u015f\u0131kl\u0131klar\u0131 ve ince \u00e7izgileri azalt\u0131r. Si\u011fil, nas\u0131r ve topuk dikenleriyle sava\u015f\u0131r.<\/li>\n<li class=\"li3\"><b>A\u011fr\u0131 Giderici ve Koku Giderici<\/b> <span class=\"s1\">\ud83e\ude79<\/span>: Emziren annelerde hassas ve a\u011fr\u0131l\u0131 meme u\u00e7lar\u0131n\u0131 rahatlatmaya yard\u0131mc\u0131 olur. Ellerden bal\u0131k, sar\u0131msak veya so\u011fan gibi g\u00fc\u00e7l\u00fc kokular\u0131 giderir. Ayr\u0131ca hemoroid a\u011fr\u0131s\u0131n\u0131 azalt\u0131r ve \u00f6nler.<\/li>\n<li class=\"li3\"><b>Rahatlat\u0131c\u0131 Etki<\/b> <span class=\"s1\">\u2615<\/span>: Uzun ve s\u0131cak bir banyoda v\u00fccudu ve zihni rahatlat\u0131r.<\/li>\n<\/ul>\n<div style=\"width: 800px;\" class=\"wp-video\"><video class=\"wp-video-shortcode\" id=\"video-13841-1\" width=\"800\" height=\"800\" poster=\"https:\/\/soapladyoludeniz.com\/soapladyshop\/wp-content\/uploads\/2025\/08\/Soap-Lady-Oludeniz-Kahve-Sabunu.jpg\" preload=\"metadata\" controls=\"controls\"><source type=\"video\/mp4\" src=\"https:\/\/soapladyoludeniz.com\/soapladyshop\/wp-content\/uploads\/2025\/08\/Soap-Lady-Oludeniz-Kahve-Sabunu-1.mp4?_=1\" \/><a href=\"https:\/\/soapladyoludeniz.com\/soapladyshop\/wp-content\/uploads\/2025\/08\/Soap-Lady-Oludeniz-Kahve-Sabunu-1.mp4\">https:\/\/soapladyoludeniz.com\/soapladyshop\/wp-content\/uploads\/2025\/08\/Soap-Lady-Oludeniz-Kahve-Sabunu-1.mp4<\/a><\/video><\/div>\n","protected":false},"excerpt":{"rendered":"<p>Soap Lady\u2019s Coffee sabunu, uzun ve s\u0131cak bir banyo s\u0131ras\u0131nda v\u00fccudu ve zihni rahatlatman\u0131n yan\u0131 s\u0131ra bir\u00e7ok ba\u015fka faydal\u0131 \u00f6zelli\u011fe de sahiptir. Emziren annelerin meme u\u00e7lar\u0131ndaki hassasiyet ve a\u011fr\u0131y\u0131 \u00f6nlemeye yard\u0131mc\u0131 olur ve ayr\u0131ca ellerdeki bal\u0131k, sar\u0131msak veya so\u011fan gibi kokular\u0131 gidermek i\u00e7in de \u00f6nerilir. Y\u00fcz masaj\u0131, kan damarlar\u0131n\u0131 daraltarak rosacea semptomlar\u0131n\u0131 azaltmaya yard\u0131mc\u0131 olabilir ve ayr\u0131ca y\u00fczdeki k\u0131r\u0131\u015f\u0131kl\u0131klar\u0131 ve ince \u00e7izgileri azaltabilir. Veruka, si\u011fil ve nas\u0131rlarla m\u00fccadelenin yan\u0131 s\u0131ra, faydalar\u0131 hemoroid a\u011fr\u0131s\u0131n\u0131n azalt\u0131lmas\u0131 ve \u00f6nlenmesine kadar uzan\u0131r.<\/p>\n","protected":false},"featured_media":14580,"comment_status":"open","ping_status":"closed","template":"","meta":[],"product_brand":[309],"product_cat":[182],"product_tag":[],"class_list":{"0":"post-13841","1":"product","2":"type-product","3":"status-publish","4":"has-post-thumbnail","6":"product_brand-soap-lady-oludeniz-tr","7":"product_cat-sabunlar","9":"first","10":"instock","11":"sale","12":"taxable","13":"shipping-taxable","14":"purchasable","15":"product-type-simple"},"yoast_head":"<!-- This site is optimized with the Yoast SEO Premium plugin v26.4 (Yoast SEO v27.1.1) - https:\/\/yoast.com\/product\/yoast-seo-premium-wordpress\/ -->\n<title>Kahve Sabunu - SOAP LADY \u00d6L\u00dcDENIZ<\/title>\n<meta name=\"description\" content=\"Kahve Sabunu ile sel\u00fclit g\u00f6r\u00fcn\u00fcm\u00fcn\u00fc azalt\u0131n ve cildinize do\u011fal peeling uygulay\u0131n. Canland\u0131r\u0131c\u0131 etkisi ve k\u00f6t\u00fc koku giderme \u00f6zelli\u011fiyle ideal do\u011fal sabun.\" \/>\n<meta name=\"robots\" content=\"noindex, follow, max-snippet:-1, max-image-preview:large, max-video-preview:-1\" \/>\n<meta property=\"og:locale\" content=\"tr_TR\" \/>\n<meta property=\"og:type\" content=\"article\" \/>\n<meta property=\"og:title\" content=\"Kahve Sabunu\" \/>\n<meta property=\"og:description\" content=\"Kahve Sabunu ile sel\u00fclit g\u00f6r\u00fcn\u00fcm\u00fcn\u00fc azalt\u0131n ve cildinize do\u011fal peeling uygulay\u0131n. Canland\u0131r\u0131c\u0131 etkisi ve k\u00f6t\u00fc koku giderme \u00f6zelli\u011fiyle ideal do\u011fal sabun.\" \/>\n<meta property=\"og:url\" content=\"https:\/\/soapladyoludeniz.com\/soapladyshop\/tr\/urun\/kahve-sabunu\/\" \/>\n<meta property=\"og:site_name\" content=\"SOAP LADY \u00d6L\u00dcDENIZ\" \/>\n<meta property=\"article:publisher\" content=\"https:\/\/www.facebook.com\/soapladyoludenizz\" \/>\n<meta property=\"article:modified_time\" content=\"2025-10-30T12:15:17+00:00\" \/>\n<meta property=\"og:image\" content=\"https:\/\/soapladyoludeniz.com\/soapladyshop\/wp-content\/uploads\/2025\/02\/Soap-Lady-Oludeniz-Coffee-Soap-1.jpg\" \/>\n\t<meta property=\"og:image:width\" content=\"1080\" \/>\n\t<meta property=\"og:image:height\" content=\"1080\" \/>\n\t<meta property=\"og:image:type\" content=\"image\/jpeg\" \/>\n<meta name=\"twitter:card\" content=\"summary_large_image\" \/>\n<meta name=\"twitter:label1\" content=\"Fiyat\" \/>\n\t<meta name=\"twitter:data1\" content=\"&#8378;200,00\" \/>\n\t<meta name=\"twitter:label2\" content=\"Durumu\" \/>\n\t<meta name=\"twitter:data2\" content=\"Stokta var\" \/>\n<script type=\"application\/ld+json\" class=\"yoast-schema-graph\">{\"@context\":\"https:\/\/schema.org\",\"@graph\":[{\"@type\":\"WebPage\",\"@id\":\"https:\/\/soapladyoludeniz.com\/soapladyshop\/tr\/urun\/kahve-sabunu\/\",\"url\":\"https:\/\/soapladyoludeniz.com\/soapladyshop\/tr\/urun\/kahve-sabunu\/\",\"name\":\"Kahve Sabunu - SOAP LADY \u00d6L\u00dcDENIZ\",\"isPartOf\":{\"@id\":\"https:\/\/soapladyoludeniz.com\/soapladyshop\/#website\"},\"primaryImageOfPage\":{\"@id\":\"https:\/\/soapladyoludeniz.com\/soapladyshop\/tr\/urun\/kahve-sabunu\/#primaryimage\"},\"image\":{\"@id\":\"https:\/\/soapladyoludeniz.com\/soapladyshop\/tr\/urun\/kahve-sabunu\/#primaryimage\"},\"thumbnailUrl\":\"https:\/\/soapladyoludeniz.com\/soapladyshop\/wp-content\/uploads\/2025\/02\/Soap-Lady-Oludeniz-Coffee-Soap-1.jpg\",\"datePublished\":\"2025-08-26T11:38:08+00:00\",\"dateModified\":\"2025-10-30T12:15:17+00:00\",\"description\":\"Kahve Sabunu ile sel\u00fclit g\u00f6r\u00fcn\u00fcm\u00fcn\u00fc azalt\u0131n ve cildinize do\u011fal peeling uygulay\u0131n. Canland\u0131r\u0131c\u0131 etkisi ve k\u00f6t\u00fc koku giderme \u00f6zelli\u011fiyle ideal do\u011fal sabun.\",\"breadcrumb\":{\"@id\":\"https:\/\/soapladyoludeniz.com\/soapladyshop\/tr\/urun\/kahve-sabunu\/#breadcrumb\"},\"inLanguage\":\"tr\",\"potentialAction\":[{\"@type\":\"ReadAction\",\"target\":[\"https:\/\/soapladyoludeniz.com\/soapladyshop\/tr\/urun\/kahve-sabunu\/\"]}]},{\"@type\":\"ImageObject\",\"inLanguage\":\"tr\",\"@id\":\"https:\/\/soapladyoludeniz.com\/soapladyshop\/tr\/urun\/kahve-sabunu\/#primaryimage\",\"url\":\"https:\/\/soapladyoludeniz.com\/soapladyshop\/wp-content\/uploads\/2025\/02\/Soap-Lady-Oludeniz-Coffee-Soap-1.jpg\",\"contentUrl\":\"https:\/\/soapladyoludeniz.com\/soapladyshop\/wp-content\/uploads\/2025\/02\/Soap-Lady-Oludeniz-Coffee-Soap-1.jpg\",\"width\":1080,\"height\":1080,\"caption\":\"Soap Lady Oludeniz - Coffee Soap\"},{\"@type\":\"BreadcrumbList\",\"@id\":\"https:\/\/soapladyoludeniz.com\/soapladyshop\/tr\/urun\/kahve-sabunu\/#breadcrumb\",\"itemListElement\":[{\"@type\":\"ListItem\",\"position\":1,\"name\":\"Anasayfa\",\"item\":\"https:\/\/soapladyoludeniz.com\/soapladyshop\/\"},{\"@type\":\"ListItem\",\"position\":2,\"name\":\"Shop\",\"item\":\"https:\/\/soapladyoludeniz.com\/soapladyshop\/shop\/\"},{\"@type\":\"ListItem\",\"position\":3,\"name\":\"Kahve Sabunu\"}]},{\"@type\":\"WebSite\",\"@id\":\"https:\/\/soapladyoludeniz.com\/soapladyshop\/#website\",\"url\":\"https:\/\/soapladyoludeniz.com\/soapladyshop\/\",\"name\":\"SOAP LADY \u00d6L\u00dcDENIZ\",\"description\":\"TURKISH HANDMADE NATURAL SOAP\",\"publisher\":{\"@id\":\"https:\/\/soapladyoludeniz.com\/soapladyshop\/#organization\"},\"potentialAction\":[{\"@type\":\"SearchAction\",\"target\":{\"@type\":\"EntryPoint\",\"urlTemplate\":\"https:\/\/soapladyoludeniz.com\/soapladyshop\/?s={search_term_string}\"},\"query-input\":{\"@type\":\"PropertyValueSpecification\",\"valueRequired\":true,\"valueName\":\"search_term_string\"}}],\"inLanguage\":\"tr\"},{\"@type\":\"Organization\",\"@id\":\"https:\/\/soapladyoludeniz.com\/soapladyshop\/#organization\",\"name\":\"SOAP LADY \u00d6L\u00dcDENIZ\",\"url\":\"https:\/\/soapladyoludeniz.com\/soapladyshop\/\",\"logo\":{\"@type\":\"ImageObject\",\"inLanguage\":\"tr\",\"@id\":\"https:\/\/soapladyoludeniz.com\/soapladyshop\/#\/schema\/logo\/image\/\",\"url\":\"https:\/\/soapladyoludeniz.com\/soapladyshop\/wp-content\/uploads\/2025\/02\/cropped-soapladylogo.png\",\"contentUrl\":\"https:\/\/soapladyoludeniz.com\/soapladyshop\/wp-content\/uploads\/2025\/02\/cropped-soapladylogo.png\",\"width\":512,\"height\":512,\"caption\":\"SOAP LADY \u00d6L\u00dcDENIZ\"},\"image\":{\"@id\":\"https:\/\/soapladyoludeniz.com\/soapladyshop\/#\/schema\/logo\/image\/\"},\"sameAs\":[\"https:\/\/www.facebook.com\/soapladyoludenizz\",\"https:\/\/www.instagram.com\/soap_lady_oludeniz\"]}]}<\/script>\n<meta property=\"product:price:amount\" content=\"200.00\" \/>\n<meta property=\"product:price:currency\" content=\"TRY\" \/>\n<meta property=\"og:availability\" content=\"instock\" \/>\n<meta property=\"product:availability\" content=\"instock\" \/>\n<meta property=\"product:condition\" content=\"new\" \/>\n<!-- \/ Yoast SEO Premium plugin. -->","yoast_head_json":{"title":"Kahve Sabunu - SOAP LADY \u00d6L\u00dcDENIZ","description":"Kahve Sabunu ile sel\u00fclit g\u00f6r\u00fcn\u00fcm\u00fcn\u00fc azalt\u0131n ve cildinize do\u011fal peeling uygulay\u0131n. Canland\u0131r\u0131c\u0131 etkisi ve k\u00f6t\u00fc koku giderme \u00f6zelli\u011fiyle ideal do\u011fal sabun.","robots":{"index":"noindex","follow":"follow","max-snippet":"max-snippet:-1","max-image-preview":"max-image-preview:large","max-video-preview":"max-video-preview:-1"},"og_locale":"tr_TR","og_type":"article","og_title":"Kahve Sabunu","og_description":"Kahve Sabunu ile sel\u00fclit g\u00f6r\u00fcn\u00fcm\u00fcn\u00fc azalt\u0131n ve cildinize do\u011fal peeling uygulay\u0131n. Canland\u0131r\u0131c\u0131 etkisi ve k\u00f6t\u00fc koku giderme \u00f6zelli\u011fiyle ideal do\u011fal sabun.","og_url":"https:\/\/soapladyoludeniz.com\/soapladyshop\/tr\/urun\/kahve-sabunu\/","og_site_name":"SOAP LADY \u00d6L\u00dcDENIZ","article_publisher":"https:\/\/www.facebook.com\/soapladyoludenizz","article_modified_time":"2025-10-30T12:15:17+00:00","og_image":[{"width":1080,"height":1080,"url":"https:\/\/soapladyoludeniz.com\/soapladyshop\/wp-content\/uploads\/2025\/02\/Soap-Lady-Oludeniz-Coffee-Soap-1.jpg","type":"image\/jpeg"}],"twitter_card":"summary_large_image","twitter_misc":{"Fiyat":"&#8378;200,00","Durumu":"Stokta var"},"schema":{"@context":"https:\/\/schema.org","@graph":[{"@type":"WebPage","@id":"https:\/\/soapladyoludeniz.com\/soapladyshop\/tr\/urun\/kahve-sabunu\/","url":"https:\/\/soapladyoludeniz.com\/soapladyshop\/tr\/urun\/kahve-sabunu\/","name":"Kahve Sabunu - SOAP LADY \u00d6L\u00dcDENIZ","isPartOf":{"@id":"https:\/\/soapladyoludeniz.com\/soapladyshop\/#website"},"primaryImageOfPage":{"@id":"https:\/\/soapladyoludeniz.com\/soapladyshop\/tr\/urun\/kahve-sabunu\/#primaryimage"},"image":{"@id":"https:\/\/soapladyoludeniz.com\/soapladyshop\/tr\/urun\/kahve-sabunu\/#primaryimage"},"thumbnailUrl":"https:\/\/soapladyoludeniz.com\/soapladyshop\/wp-content\/uploads\/2025\/02\/Soap-Lady-Oludeniz-Coffee-Soap-1.jpg","datePublished":"2025-08-26T11:38:08+00:00","dateModified":"2025-10-30T12:15:17+00:00","description":"Kahve Sabunu ile sel\u00fclit g\u00f6r\u00fcn\u00fcm\u00fcn\u00fc azalt\u0131n ve cildinize do\u011fal peeling uygulay\u0131n. Canland\u0131r\u0131c\u0131 etkisi ve k\u00f6t\u00fc koku giderme \u00f6zelli\u011fiyle ideal do\u011fal sabun.","breadcrumb":{"@id":"https:\/\/soapladyoludeniz.com\/soapladyshop\/tr\/urun\/kahve-sabunu\/#breadcrumb"},"inLanguage":"tr","potentialAction":[{"@type":"ReadAction","target":["https:\/\/soapladyoludeniz.com\/soapladyshop\/tr\/urun\/kahve-sabunu\/"]}]},{"@type":"ImageObject","inLanguage":"tr","@id":"https:\/\/soapladyoludeniz.com\/soapladyshop\/tr\/urun\/kahve-sabunu\/#primaryimage","url":"https:\/\/soapladyoludeniz.com\/soapladyshop\/wp-content\/uploads\/2025\/02\/Soap-Lady-Oludeniz-Coffee-Soap-1.jpg","contentUrl":"https:\/\/soapladyoludeniz.com\/soapladyshop\/wp-content\/uploads\/2025\/02\/Soap-Lady-Oludeniz-Coffee-Soap-1.jpg","width":1080,"height":1080,"caption":"Soap Lady Oludeniz - Coffee Soap"},{"@type":"BreadcrumbList","@id":"https:\/\/soapladyoludeniz.com\/soapladyshop\/tr\/urun\/kahve-sabunu\/#breadcrumb","itemListElement":[{"@type":"ListItem","position":1,"name":"Anasayfa","item":"https:\/\/soapladyoludeniz.com\/soapladyshop\/"},{"@type":"ListItem","position":2,"name":"Shop","item":"https:\/\/soapladyoludeniz.com\/soapladyshop\/shop\/"},{"@type":"ListItem","position":3,"name":"Kahve Sabunu"}]},{"@type":"WebSite","@id":"https:\/\/soapladyoludeniz.com\/soapladyshop\/#website","url":"https:\/\/soapladyoludeniz.com\/soapladyshop\/","name":"SOAP LADY \u00d6L\u00dcDENIZ","description":"TURKISH HANDMADE NATURAL SOAP","publisher":{"@id":"https:\/\/soapladyoludeniz.com\/soapladyshop\/#organization"},"potentialAction":[{"@type":"SearchAction","target":{"@type":"EntryPoint","urlTemplate":"https:\/\/soapladyoludeniz.com\/soapladyshop\/?s={search_term_string}"},"query-input":{"@type":"PropertyValueSpecification","valueRequired":true,"valueName":"search_term_string"}}],"inLanguage":"tr"},{"@type":"Organization","@id":"https:\/\/soapladyoludeniz.com\/soapladyshop\/#organization","name":"SOAP LADY \u00d6L\u00dcDENIZ","url":"https:\/\/soapladyoludeniz.com\/soapladyshop\/","logo":{"@type":"ImageObject","inLanguage":"tr","@id":"https:\/\/soapladyoludeniz.com\/soapladyshop\/#\/schema\/logo\/image\/","url":"https:\/\/soapladyoludeniz.com\/soapladyshop\/wp-content\/uploads\/2025\/02\/cropped-soapladylogo.png","contentUrl":"https:\/\/soapladyoludeniz.com\/soapladyshop\/wp-content\/uploads\/2025\/02\/cropped-soapladylogo.png","width":512,"height":512,"caption":"SOAP LADY \u00d6L\u00dcDENIZ"},"image":{"@id":"https:\/\/soapladyoludeniz.com\/soapladyshop\/#\/schema\/logo\/image\/"},"sameAs":["https:\/\/www.facebook.com\/soapladyoludenizz","https:\/\/www.instagram.com\/soap_lady_oludeniz"]}]},"product_price_amount":"200.00","product_price_currency":"TRY","og_availability":"instock","product_availability":"instock","product_condition":"new"},"_links":{"self":[{"href":"https:\/\/soapladyoludeniz.com\/soapladyshop\/wp-json\/wp\/v2\/product\/13841","targetHints":{"allow":["GET"]}}],"collection":[{"href":"https:\/\/soapladyoludeniz.com\/soapladyshop\/wp-json\/wp\/v2\/product"}],"about":[{"href":"https:\/\/soapladyoludeniz.com\/soapladyshop\/wp-json\/wp\/v2\/types\/product"}],"replies":[{"embeddable":true,"href":"https:\/\/soapladyoludeniz.com\/soapladyshop\/wp-json\/wp\/v2\/comments?post=13841"}],"version-history":[{"count":3,"href":"https:\/\/soapladyoludeniz.com\/soapladyshop\/wp-json\/wp\/v2\/product\/13841\/revisions"}],"predecessor-version":[{"id":14739,"href":"https:\/\/soapladyoludeniz.com\/soapladyshop\/wp-json\/wp\/v2\/product\/13841\/revisions\/14739"}],"wp:featuredmedia":[{"embeddable":true,"href":"https:\/\/soapladyoludeniz.com\/soapladyshop\/wp-json\/wp\/v2\/media\/14580"}],"wp:attachment":[{"href":"https:\/\/soapladyoludeniz.com\/soapladyshop\/wp-json\/wp\/v2\/media?parent=13841"}],"wp:term":[{"taxonomy":"product_brand","embeddable":true,"href":"https:\/\/soapladyoludeniz.com\/soapladyshop\/wp-json\/wp\/v2\/product_brand?post=13841"},{"taxonomy":"product_cat","embeddable":true,"href":"https:\/\/soapladyoludeniz.com\/soapladyshop\/wp-json\/wp\/v2\/product_cat?post=13841"},{"taxonomy":"product_tag","embeddable":true,"href":"https:\/\/soapladyoludeniz.com\/soapladyshop\/wp-json\/wp\/v2\/product_tag?post=13841"}],"curies":[{"name":"wp","href":"https:\/\/api.w.org\/{rel}","templated":true}]}}