{"id":13830,"date":"2025-08-26T14:14:35","date_gmt":"2025-08-26T11:14:35","guid":{"rendered":"https:\/\/soapladyoludeniz.com\/soapladyshop\/?post_type=product&#038;p=13830"},"modified":"2025-10-30T15:43:12","modified_gmt":"2025-10-30T12:43:12","slug":"zencefil-sabunu","status":"publish","type":"product","link":"https:\/\/soapladyoludeniz.com\/soapladyshop\/tr\/urun\/zencefil-sabunu\/","title":{"rendered":"Zencefil Sabunu"},"content":{"rendered":"<p class=\"p1\"><b>Zencefil Sabununun \u00d6zellikleri<\/b><\/p>\n<ul class=\"ul1\">\n<li class=\"li3\"><b>Detoks ve A\u011fr\u0131 Giderici<\/b> <span class=\"s1\">\ud83d\udec0<\/span>: Ter bezlerini uyararak v\u00fccudun detoks yapmas\u0131na yard\u0131mc\u0131 olur. Kas veya eklem a\u011fr\u0131lar\u0131, romatizma dahil olmak \u00fczere masajla a\u011fr\u0131 ve s\u0131z\u0131y\u0131 azalt\u0131r.<\/li>\n<li class=\"li3\"><b>Cilt Yenileyici ve Temizleyici<\/b> <span class=\"s1\">\u2728<\/span>: Cildi ipeksi bir parlakl\u0131k ve sa\u011fl\u0131kl\u0131 bir g\u00f6r\u00fcn\u00fcmle b\u0131rakan harika bir y\u00fcz sabunu ve cilt temizleyicidir. Kan ak\u0131\u015f\u0131n\u0131 art\u0131r\u0131r, morluklar\u0131n iyile\u015fmesini h\u0131zland\u0131r\u0131r ve akneyi hafifletir.<\/li>\n<li class=\"li3\"><b>Kan Ak\u0131\u015f\u0131 ve Morluk Azaltma<\/b> <span class=\"s1\">\ud83e\ude78<\/span>: Masaj yoluyla kan ak\u0131\u015f\u0131n\u0131 art\u0131rabilir, morluklar\u0131n iyile\u015fmesini h\u0131zland\u0131rabilir ve akneyi azaltabilir.<\/li>\n<\/ul>\n<div style=\"width: 800px;\" class=\"wp-video\"><video class=\"wp-video-shortcode\" id=\"video-13830-1\" width=\"800\" height=\"800\" poster=\"https:\/\/soapladyoludeniz.com\/soapladyshop\/wp-content\/uploads\/2025\/08\/Soap-Lady-Oludeniz-Zencefil-Sabunu.jpg\" preload=\"metadata\" controls=\"controls\"><source type=\"video\/mp4\" src=\"https:\/\/soapladyoludeniz.com\/soapladyshop\/wp-content\/uploads\/2025\/08\/Soap-Lady-Oludeniz-Zencefil-Sabunu-1.mp4?_=1\" \/><a href=\"https:\/\/soapladyoludeniz.com\/soapladyshop\/wp-content\/uploads\/2025\/08\/Soap-Lady-Oludeniz-Zencefil-Sabunu-1.mp4\">https:\/\/soapladyoludeniz.com\/soapladyshop\/wp-content\/uploads\/2025\/08\/Soap-Lady-Oludeniz-Zencefil-Sabunu-1.mp4<\/a><\/video><\/div>\n","protected":false},"excerpt":{"rendered":"<p>Soap Lady, iyi bir cilt bak\u0131m ya\u011f\u0131n\u0131 g\u00f6rd\u00fc\u011f\u00fcnde hemen tan\u0131r ve Ginger&#8217;\u0131n \u00f6zel bir ya\u011f oldu\u011fu \u015f\u00fcphe g\u00f6t\u00fcrmez. Bu sabun, ter bezlerini uyararak v\u00fccudu detoksifiye etmeye yard\u0131mc\u0131 oldu\u011fu i\u00e7in banyoda kullanmak i\u00e7in m\u00fckemmeldir. Romatizma dahil olmak \u00fczere kas veya eklem a\u011fr\u0131s\u0131ndan etkilenen v\u00fccut b\u00f6lgelerine d\u00fczenli olarak masaj yaparak uygulanabilir. Ayr\u0131ca, cilde ipeksi bir parlakl\u0131k ve sa\u011fl\u0131kl\u0131 bir g\u00f6r\u00fcn\u00fcm kazand\u0131ran m\u00fckemmel bir y\u00fcz sabunu ve cilt temizleyicisidir. Masaj yoluyla kan ak\u0131\u015f\u0131n\u0131 art\u0131rmaya, morluklar\u0131n iyile\u015fmesini h\u0131zland\u0131rmaya ve akneyi hafifletmeye yard\u0131mc\u0131 olabilir.<\/p>\n","protected":false},"featured_media":14488,"comment_status":"open","ping_status":"closed","template":"","meta":[],"product_brand":[309],"product_cat":[182],"product_tag":[],"class_list":{"0":"post-13830","1":"product","2":"type-product","3":"status-publish","4":"has-post-thumbnail","6":"product_brand-soap-lady-oludeniz-tr","7":"product_cat-sabunlar","9":"first","10":"instock","11":"sale","12":"taxable","13":"shipping-taxable","14":"purchasable","15":"product-type-simple"},"yoast_head":"<!-- This site is optimized with the Yoast SEO Premium plugin v26.4 (Yoast SEO v27.1.1) - https:\/\/yoast.com\/product\/yoast-seo-premium-wordpress\/ -->\n<title>Zencefil Sabunu - SOAP LADY \u00d6L\u00dcDENIZ<\/title>\n<meta name=\"description\" content=\"Zencefil Sabunu&#039;nun canland\u0131r\u0131c\u0131 ve \u0131s\u0131t\u0131c\u0131 etkisiyle tan\u0131\u015f\u0131n. Kan dola\u015f\u0131m\u0131n\u0131 h\u0131zland\u0131rmaya yard\u0131mc\u0131 olur ve sel\u00fclit g\u00f6r\u00fcn\u00fcm\u00fcn\u00fc azaltmaya destek olan...\" \/>\n<meta name=\"robots\" content=\"noindex, follow, max-snippet:-1, max-image-preview:large, max-video-preview:-1\" \/>\n<meta property=\"og:locale\" content=\"tr_TR\" \/>\n<meta property=\"og:type\" content=\"article\" \/>\n<meta property=\"og:title\" content=\"Zencefil Sabunu\" \/>\n<meta property=\"og:description\" content=\"Zencefil Sabunu&#039;nun canland\u0131r\u0131c\u0131 ve \u0131s\u0131t\u0131c\u0131 etkisiyle tan\u0131\u015f\u0131n. Kan dola\u015f\u0131m\u0131n\u0131 h\u0131zland\u0131rmaya yard\u0131mc\u0131 olur ve sel\u00fclit g\u00f6r\u00fcn\u00fcm\u00fcn\u00fc azaltmaya destek olan...\" \/>\n<meta property=\"og:url\" content=\"https:\/\/soapladyoludeniz.com\/soapladyshop\/tr\/urun\/zencefil-sabunu\/\" \/>\n<meta property=\"og:site_name\" content=\"SOAP LADY \u00d6L\u00dcDENIZ\" \/>\n<meta property=\"article:publisher\" content=\"https:\/\/www.facebook.com\/soapladyoludenizz\" \/>\n<meta property=\"article:modified_time\" content=\"2025-10-30T12:43:12+00:00\" \/>\n<meta property=\"og:image\" content=\"https:\/\/soapladyoludeniz.com\/soapladyshop\/wp-content\/uploads\/2025\/02\/Soap-Lady-Oludeniz-Ginger-Soap-1.jpg\" \/>\n\t<meta property=\"og:image:width\" content=\"1080\" \/>\n\t<meta property=\"og:image:height\" content=\"1080\" \/>\n\t<meta property=\"og:image:type\" content=\"image\/jpeg\" \/>\n<meta name=\"twitter:card\" content=\"summary_large_image\" \/>\n<meta name=\"twitter:label1\" content=\"Fiyat\" \/>\n\t<meta name=\"twitter:data1\" content=\"&#8378;200,00\" \/>\n\t<meta name=\"twitter:label2\" content=\"Durumu\" \/>\n\t<meta name=\"twitter:data2\" content=\"Stokta var\" \/>\n<script type=\"application\/ld+json\" class=\"yoast-schema-graph\">{\"@context\":\"https:\/\/schema.org\",\"@graph\":[{\"@type\":\"WebPage\",\"@id\":\"https:\/\/soapladyoludeniz.com\/soapladyshop\/tr\/urun\/zencefil-sabunu\/\",\"url\":\"https:\/\/soapladyoludeniz.com\/soapladyshop\/tr\/urun\/zencefil-sabunu\/\",\"name\":\"Zencefil Sabunu - SOAP LADY \u00d6L\u00dcDENIZ\",\"isPartOf\":{\"@id\":\"https:\/\/soapladyoludeniz.com\/soapladyshop\/#website\"},\"primaryImageOfPage\":{\"@id\":\"https:\/\/soapladyoludeniz.com\/soapladyshop\/tr\/urun\/zencefil-sabunu\/#primaryimage\"},\"image\":{\"@id\":\"https:\/\/soapladyoludeniz.com\/soapladyshop\/tr\/urun\/zencefil-sabunu\/#primaryimage\"},\"thumbnailUrl\":\"https:\/\/soapladyoludeniz.com\/soapladyshop\/wp-content\/uploads\/2025\/02\/Soap-Lady-Oludeniz-Ginger-Soap-1.jpg\",\"datePublished\":\"2025-08-26T11:14:35+00:00\",\"dateModified\":\"2025-10-30T12:43:12+00:00\",\"description\":\"Zencefil Sabunu'nun canland\u0131r\u0131c\u0131 ve \u0131s\u0131t\u0131c\u0131 etkisiyle tan\u0131\u015f\u0131n. Kan dola\u015f\u0131m\u0131n\u0131 h\u0131zland\u0131rmaya yard\u0131mc\u0131 olur ve sel\u00fclit g\u00f6r\u00fcn\u00fcm\u00fcn\u00fc azaltmaya destek olan...\",\"breadcrumb\":{\"@id\":\"https:\/\/soapladyoludeniz.com\/soapladyshop\/tr\/urun\/zencefil-sabunu\/#breadcrumb\"},\"inLanguage\":\"tr\",\"potentialAction\":[{\"@type\":\"ReadAction\",\"target\":[\"https:\/\/soapladyoludeniz.com\/soapladyshop\/tr\/urun\/zencefil-sabunu\/\"]}]},{\"@type\":\"ImageObject\",\"inLanguage\":\"tr\",\"@id\":\"https:\/\/soapladyoludeniz.com\/soapladyshop\/tr\/urun\/zencefil-sabunu\/#primaryimage\",\"url\":\"https:\/\/soapladyoludeniz.com\/soapladyshop\/wp-content\/uploads\/2025\/02\/Soap-Lady-Oludeniz-Ginger-Soap-1.jpg\",\"contentUrl\":\"https:\/\/soapladyoludeniz.com\/soapladyshop\/wp-content\/uploads\/2025\/02\/Soap-Lady-Oludeniz-Ginger-Soap-1.jpg\",\"width\":1080,\"height\":1080,\"caption\":\"Soap Lady Oludeniz - Ginger Soap\"},{\"@type\":\"BreadcrumbList\",\"@id\":\"https:\/\/soapladyoludeniz.com\/soapladyshop\/tr\/urun\/zencefil-sabunu\/#breadcrumb\",\"itemListElement\":[{\"@type\":\"ListItem\",\"position\":1,\"name\":\"Anasayfa\",\"item\":\"https:\/\/soapladyoludeniz.com\/soapladyshop\/\"},{\"@type\":\"ListItem\",\"position\":2,\"name\":\"Shop\",\"item\":\"https:\/\/soapladyoludeniz.com\/soapladyshop\/shop\/\"},{\"@type\":\"ListItem\",\"position\":3,\"name\":\"Zencefil Sabunu\"}]},{\"@type\":\"WebSite\",\"@id\":\"https:\/\/soapladyoludeniz.com\/soapladyshop\/#website\",\"url\":\"https:\/\/soapladyoludeniz.com\/soapladyshop\/\",\"name\":\"SOAP LADY \u00d6L\u00dcDENIZ\",\"description\":\"TURKISH HANDMADE NATURAL SOAP\",\"publisher\":{\"@id\":\"https:\/\/soapladyoludeniz.com\/soapladyshop\/#organization\"},\"potentialAction\":[{\"@type\":\"SearchAction\",\"target\":{\"@type\":\"EntryPoint\",\"urlTemplate\":\"https:\/\/soapladyoludeniz.com\/soapladyshop\/?s={search_term_string}\"},\"query-input\":{\"@type\":\"PropertyValueSpecification\",\"valueRequired\":true,\"valueName\":\"search_term_string\"}}],\"inLanguage\":\"tr\"},{\"@type\":\"Organization\",\"@id\":\"https:\/\/soapladyoludeniz.com\/soapladyshop\/#organization\",\"name\":\"SOAP LADY \u00d6L\u00dcDENIZ\",\"url\":\"https:\/\/soapladyoludeniz.com\/soapladyshop\/\",\"logo\":{\"@type\":\"ImageObject\",\"inLanguage\":\"tr\",\"@id\":\"https:\/\/soapladyoludeniz.com\/soapladyshop\/#\/schema\/logo\/image\/\",\"url\":\"https:\/\/soapladyoludeniz.com\/soapladyshop\/wp-content\/uploads\/2025\/02\/cropped-soapladylogo.png\",\"contentUrl\":\"https:\/\/soapladyoludeniz.com\/soapladyshop\/wp-content\/uploads\/2025\/02\/cropped-soapladylogo.png\",\"width\":512,\"height\":512,\"caption\":\"SOAP LADY \u00d6L\u00dcDENIZ\"},\"image\":{\"@id\":\"https:\/\/soapladyoludeniz.com\/soapladyshop\/#\/schema\/logo\/image\/\"},\"sameAs\":[\"https:\/\/www.facebook.com\/soapladyoludenizz\",\"https:\/\/www.instagram.com\/soap_lady_oludeniz\"]}]}<\/script>\n<meta property=\"product:price:amount\" content=\"200.00\" \/>\n<meta property=\"product:price:currency\" content=\"TRY\" \/>\n<meta property=\"og:availability\" content=\"instock\" \/>\n<meta property=\"product:availability\" content=\"instock\" \/>\n<meta property=\"product:condition\" content=\"new\" \/>\n<!-- \/ Yoast SEO Premium plugin. -->","yoast_head_json":{"title":"Zencefil Sabunu - SOAP LADY \u00d6L\u00dcDENIZ","description":"Zencefil Sabunu'nun canland\u0131r\u0131c\u0131 ve \u0131s\u0131t\u0131c\u0131 etkisiyle tan\u0131\u015f\u0131n. Kan dola\u015f\u0131m\u0131n\u0131 h\u0131zland\u0131rmaya yard\u0131mc\u0131 olur ve sel\u00fclit g\u00f6r\u00fcn\u00fcm\u00fcn\u00fc azaltmaya destek olan...","robots":{"index":"noindex","follow":"follow","max-snippet":"max-snippet:-1","max-image-preview":"max-image-preview:large","max-video-preview":"max-video-preview:-1"},"og_locale":"tr_TR","og_type":"article","og_title":"Zencefil Sabunu","og_description":"Zencefil Sabunu'nun canland\u0131r\u0131c\u0131 ve \u0131s\u0131t\u0131c\u0131 etkisiyle tan\u0131\u015f\u0131n. Kan dola\u015f\u0131m\u0131n\u0131 h\u0131zland\u0131rmaya yard\u0131mc\u0131 olur ve sel\u00fclit g\u00f6r\u00fcn\u00fcm\u00fcn\u00fc azaltmaya destek olan...","og_url":"https:\/\/soapladyoludeniz.com\/soapladyshop\/tr\/urun\/zencefil-sabunu\/","og_site_name":"SOAP LADY \u00d6L\u00dcDENIZ","article_publisher":"https:\/\/www.facebook.com\/soapladyoludenizz","article_modified_time":"2025-10-30T12:43:12+00:00","og_image":[{"width":1080,"height":1080,"url":"https:\/\/soapladyoludeniz.com\/soapladyshop\/wp-content\/uploads\/2025\/02\/Soap-Lady-Oludeniz-Ginger-Soap-1.jpg","type":"image\/jpeg"}],"twitter_card":"summary_large_image","twitter_misc":{"Fiyat":"&#8378;200,00","Durumu":"Stokta var"},"schema":{"@context":"https:\/\/schema.org","@graph":[{"@type":"WebPage","@id":"https:\/\/soapladyoludeniz.com\/soapladyshop\/tr\/urun\/zencefil-sabunu\/","url":"https:\/\/soapladyoludeniz.com\/soapladyshop\/tr\/urun\/zencefil-sabunu\/","name":"Zencefil Sabunu - SOAP LADY \u00d6L\u00dcDENIZ","isPartOf":{"@id":"https:\/\/soapladyoludeniz.com\/soapladyshop\/#website"},"primaryImageOfPage":{"@id":"https:\/\/soapladyoludeniz.com\/soapladyshop\/tr\/urun\/zencefil-sabunu\/#primaryimage"},"image":{"@id":"https:\/\/soapladyoludeniz.com\/soapladyshop\/tr\/urun\/zencefil-sabunu\/#primaryimage"},"thumbnailUrl":"https:\/\/soapladyoludeniz.com\/soapladyshop\/wp-content\/uploads\/2025\/02\/Soap-Lady-Oludeniz-Ginger-Soap-1.jpg","datePublished":"2025-08-26T11:14:35+00:00","dateModified":"2025-10-30T12:43:12+00:00","description":"Zencefil Sabunu'nun canland\u0131r\u0131c\u0131 ve \u0131s\u0131t\u0131c\u0131 etkisiyle tan\u0131\u015f\u0131n. Kan dola\u015f\u0131m\u0131n\u0131 h\u0131zland\u0131rmaya yard\u0131mc\u0131 olur ve sel\u00fclit g\u00f6r\u00fcn\u00fcm\u00fcn\u00fc azaltmaya destek olan...","breadcrumb":{"@id":"https:\/\/soapladyoludeniz.com\/soapladyshop\/tr\/urun\/zencefil-sabunu\/#breadcrumb"},"inLanguage":"tr","potentialAction":[{"@type":"ReadAction","target":["https:\/\/soapladyoludeniz.com\/soapladyshop\/tr\/urun\/zencefil-sabunu\/"]}]},{"@type":"ImageObject","inLanguage":"tr","@id":"https:\/\/soapladyoludeniz.com\/soapladyshop\/tr\/urun\/zencefil-sabunu\/#primaryimage","url":"https:\/\/soapladyoludeniz.com\/soapladyshop\/wp-content\/uploads\/2025\/02\/Soap-Lady-Oludeniz-Ginger-Soap-1.jpg","contentUrl":"https:\/\/soapladyoludeniz.com\/soapladyshop\/wp-content\/uploads\/2025\/02\/Soap-Lady-Oludeniz-Ginger-Soap-1.jpg","width":1080,"height":1080,"caption":"Soap Lady Oludeniz - Ginger Soap"},{"@type":"BreadcrumbList","@id":"https:\/\/soapladyoludeniz.com\/soapladyshop\/tr\/urun\/zencefil-sabunu\/#breadcrumb","itemListElement":[{"@type":"ListItem","position":1,"name":"Anasayfa","item":"https:\/\/soapladyoludeniz.com\/soapladyshop\/"},{"@type":"ListItem","position":2,"name":"Shop","item":"https:\/\/soapladyoludeniz.com\/soapladyshop\/shop\/"},{"@type":"ListItem","position":3,"name":"Zencefil Sabunu"}]},{"@type":"WebSite","@id":"https:\/\/soapladyoludeniz.com\/soapladyshop\/#website","url":"https:\/\/soapladyoludeniz.com\/soapladyshop\/","name":"SOAP LADY \u00d6L\u00dcDENIZ","description":"TURKISH HANDMADE NATURAL SOAP","publisher":{"@id":"https:\/\/soapladyoludeniz.com\/soapladyshop\/#organization"},"potentialAction":[{"@type":"SearchAction","target":{"@type":"EntryPoint","urlTemplate":"https:\/\/soapladyoludeniz.com\/soapladyshop\/?s={search_term_string}"},"query-input":{"@type":"PropertyValueSpecification","valueRequired":true,"valueName":"search_term_string"}}],"inLanguage":"tr"},{"@type":"Organization","@id":"https:\/\/soapladyoludeniz.com\/soapladyshop\/#organization","name":"SOAP LADY \u00d6L\u00dcDENIZ","url":"https:\/\/soapladyoludeniz.com\/soapladyshop\/","logo":{"@type":"ImageObject","inLanguage":"tr","@id":"https:\/\/soapladyoludeniz.com\/soapladyshop\/#\/schema\/logo\/image\/","url":"https:\/\/soapladyoludeniz.com\/soapladyshop\/wp-content\/uploads\/2025\/02\/cropped-soapladylogo.png","contentUrl":"https:\/\/soapladyoludeniz.com\/soapladyshop\/wp-content\/uploads\/2025\/02\/cropped-soapladylogo.png","width":512,"height":512,"caption":"SOAP LADY \u00d6L\u00dcDENIZ"},"image":{"@id":"https:\/\/soapladyoludeniz.com\/soapladyshop\/#\/schema\/logo\/image\/"},"sameAs":["https:\/\/www.facebook.com\/soapladyoludenizz","https:\/\/www.instagram.com\/soap_lady_oludeniz"]}]},"product_price_amount":"200.00","product_price_currency":"TRY","og_availability":"instock","product_availability":"instock","product_condition":"new"},"_links":{"self":[{"href":"https:\/\/soapladyoludeniz.com\/soapladyshop\/wp-json\/wp\/v2\/product\/13830","targetHints":{"allow":["GET"]}}],"collection":[{"href":"https:\/\/soapladyoludeniz.com\/soapladyshop\/wp-json\/wp\/v2\/product"}],"about":[{"href":"https:\/\/soapladyoludeniz.com\/soapladyshop\/wp-json\/wp\/v2\/types\/product"}],"replies":[{"embeddable":true,"href":"https:\/\/soapladyoludeniz.com\/soapladyshop\/wp-json\/wp\/v2\/comments?post=13830"}],"version-history":[{"count":3,"href":"https:\/\/soapladyoludeniz.com\/soapladyshop\/wp-json\/wp\/v2\/product\/13830\/revisions"}],"predecessor-version":[{"id":14759,"href":"https:\/\/soapladyoludeniz.com\/soapladyshop\/wp-json\/wp\/v2\/product\/13830\/revisions\/14759"}],"wp:featuredmedia":[{"embeddable":true,"href":"https:\/\/soapladyoludeniz.com\/soapladyshop\/wp-json\/wp\/v2\/media\/14488"}],"wp:attachment":[{"href":"https:\/\/soapladyoludeniz.com\/soapladyshop\/wp-json\/wp\/v2\/media?parent=13830"}],"wp:term":[{"taxonomy":"product_brand","embeddable":true,"href":"https:\/\/soapladyoludeniz.com\/soapladyshop\/wp-json\/wp\/v2\/product_brand?post=13830"},{"taxonomy":"product_cat","embeddable":true,"href":"https:\/\/soapladyoludeniz.com\/soapladyshop\/wp-json\/wp\/v2\/product_cat?post=13830"},{"taxonomy":"product_tag","embeddable":true,"href":"https:\/\/soapladyoludeniz.com\/soapladyshop\/wp-json\/wp\/v2\/product_tag?post=13830"}],"curies":[{"name":"wp","href":"https:\/\/api.w.org\/{rel}","templated":true}]}}