{"id":13829,"date":"2025-08-26T14:14:30","date_gmt":"2025-08-26T11:14:30","guid":{"rendered":"https:\/\/soapladyoludeniz.com\/soapladyshop\/?post_type=product&#038;p=13829"},"modified":"2025-10-30T15:45:05","modified_gmt":"2025-10-30T12:45:05","slug":"uzum-cekirdegi-sabunu","status":"publish","type":"product","link":"https:\/\/soapladyoludeniz.com\/soapladyshop\/tr\/urun\/uzum-cekirdegi-sabunu\/","title":{"rendered":"\u00dcz\u00fcm \u00c7ekirde\u011fi Sabunu"},"content":{"rendered":"<p class=\"p1\"><b>\u00dcz\u00fcm \u00c7ekirde\u011fi Sabununun \u00d6zellikleri<\/b><\/p>\n<ul class=\"ul1\">\n<li class=\"li3\"><b>Cilt Yenileyici ve Ya\u015flanma Kar\u015f\u0131t\u0131<\/b> <span class=\"s1\">\u23f3<\/span>: Antioksidanlar ve E vitamini i\u00e7erir. Cildin yeniden yap\u0131lanmas\u0131n\u0131 destekler, ya\u015flanma etkilerini yava\u015flat\u0131r ve cildi canland\u0131r\u0131r.<\/li>\n<li class=\"li3\"><b>Yo\u011fun Nemlendirme<\/b> <span class=\"s1\">\ud83d\udca7<\/span>: \u00d6zellikle kuru ciltler i\u00e7in uygundur. Cilde n\u00fcfuz ederek bir film tabakas\u0131 olu\u015fturur ve v\u00fccut s\u0131v\u0131s\u0131n\u0131n buharla\u015fmas\u0131n\u0131 d\u00fczenleyerek dolayl\u0131 yoldan nemlendirme sa\u011flar.<\/li>\n<li class=\"li3\"><b>Varis Deste\u011fi ve Tra\u015f Kolayl\u0131\u011f\u0131<\/b> <span class=\"s1\">\ud83e\uddb5<\/span>: Varisli damarlar\u0131n hem \u00e7irkin g\u00f6r\u00fcn\u00fcm\u00fcn\u00fc hem de a\u011fr\u0131s\u0131n\u0131 azaltmada etkilidir. Tra\u015f i\u00e7in kayganla\u015ft\u0131r\u0131c\u0131 olarak kullan\u0131labilir, cildi yumu\u015fak ve ferah b\u0131rak\u0131r.<\/li>\n<\/ul>\n<div style=\"width: 800px;\" class=\"wp-video\"><video class=\"wp-video-shortcode\" id=\"video-13829-1\" width=\"800\" height=\"800\" poster=\"https:\/\/soapladyoludeniz.com\/soapladyshop\/wp-content\/uploads\/2025\/08\/Soap-Lady-Oludeniz-Uzum-Cekirdegi-Sabunu.jpg\" preload=\"metadata\" controls=\"controls\"><source type=\"video\/mp4\" src=\"https:\/\/soapladyoludeniz.com\/soapladyshop\/wp-content\/uploads\/2025\/08\/Soap-Lady-Oludeniz-Uzum-Cekirdegi-Sabunu-1.mp4?_=1\" \/><a href=\"https:\/\/soapladyoludeniz.com\/soapladyshop\/wp-content\/uploads\/2025\/08\/Soap-Lady-Oludeniz-Uzum-Cekirdegi-Sabunu-1.mp4\">https:\/\/soapladyoludeniz.com\/soapladyshop\/wp-content\/uploads\/2025\/08\/Soap-Lady-Oludeniz-Uzum-Cekirdegi-Sabunu-1.mp4<\/a><\/video><\/div>\n","protected":false},"excerpt":{"rendered":"<p>E vitamini i\u00e7eren bir antioksidan olan \u00fcz\u00fcm \u00e7ekirde\u011fi ya\u011f\u0131, bu sabunda ya\u015flanman\u0131n etkilerini yava\u015flat\u0131r ve cildin yenilenmesine yard\u0131mc\u0131 olur. \u00d6zellikle kuru ciltler i\u00e7in \u00e7ok iyi olan \u00fcz\u00fcm \u00e7ekirde\u011fi ya\u011f\u0131, cilde n\u00fcfuz eder ve v\u00fccut s\u0131v\u0131s\u0131n\u0131n buharla\u015fmas\u0131n\u0131 d\u00fczenleyen bir film tabakas\u0131 olu\u015fturarak dolayl\u0131 olarak nemlendirir. Varisli damarlar\u0131n \u00e7irkin g\u00f6r\u00fcn\u00fcm\u00fcn\u00fc ve a\u011fr\u0131s\u0131n\u0131 azaltmak i\u00e7in tavsiye edilir. Do\u011fal ya\u011f \u00f6z\u00fc i\u00e7eren bu sabun, cildi yumu\u015fak ve ferah b\u0131rakarak t\u0131ra\u015f i\u00e7in kayganla\u015ft\u0131r\u0131c\u0131 olarak kullan\u0131labilir.<\/p>\n","protected":false},"featured_media":14502,"comment_status":"open","ping_status":"closed","template":"","meta":[],"product_brand":[309],"product_cat":[182],"product_tag":[],"class_list":{"0":"post-13829","1":"product","2":"type-product","3":"status-publish","4":"has-post-thumbnail","6":"product_brand-soap-lady-oludeniz-tr","7":"product_cat-sabunlar","9":"first","10":"instock","11":"sale","12":"taxable","13":"shipping-taxable","14":"purchasable","15":"product-type-simple"},"yoast_head":"<!-- This site is optimized with the Yoast SEO Premium plugin v26.4 (Yoast SEO v27.1.1) - https:\/\/yoast.com\/product\/yoast-seo-premium-wordpress\/ -->\n<title>\u00dcz\u00fcm \u00c7ekirde\u011fi Sabunu - SOAP LADY \u00d6L\u00dcDENIZ<\/title>\n<meta name=\"description\" content=\"\u00dcz\u00fcm \u00c7ekirde\u011fi Sabunu&#039;nun y\u00fcksek antioksidan g\u00fcc\u00fcyle ya\u015flanma etkilerine kar\u015f\u0131 sava\u015f\u0131n. Ciltteki kolajeni destekleyerek s\u0131k\u0131la\u015fmaya yard\u0131mc\u0131 do\u011fal sabun.\" \/>\n<meta name=\"robots\" content=\"noindex, follow, max-snippet:-1, max-image-preview:large, max-video-preview:-1\" \/>\n<meta property=\"og:locale\" content=\"tr_TR\" \/>\n<meta property=\"og:type\" content=\"article\" \/>\n<meta property=\"og:title\" content=\"\u00dcz\u00fcm \u00c7ekirde\u011fi Sabunu\" \/>\n<meta property=\"og:description\" content=\"\u00dcz\u00fcm \u00c7ekirde\u011fi Sabunu&#039;nun y\u00fcksek antioksidan g\u00fcc\u00fcyle ya\u015flanma etkilerine kar\u015f\u0131 sava\u015f\u0131n. Ciltteki kolajeni destekleyerek s\u0131k\u0131la\u015fmaya yard\u0131mc\u0131 do\u011fal sabun.\" \/>\n<meta property=\"og:url\" content=\"https:\/\/soapladyoludeniz.com\/soapladyshop\/tr\/urun\/uzum-cekirdegi-sabunu\/\" \/>\n<meta property=\"og:site_name\" content=\"SOAP LADY \u00d6L\u00dcDENIZ\" \/>\n<meta property=\"article:publisher\" content=\"https:\/\/www.facebook.com\/soapladyoludenizz\" \/>\n<meta property=\"article:modified_time\" content=\"2025-10-30T12:45:05+00:00\" \/>\n<meta property=\"og:image\" content=\"https:\/\/soapladyoludeniz.com\/soapladyshop\/wp-content\/uploads\/2025\/02\/Soap-Lady-Oludeniz-Grape-Seed-Soap-1.jpg\" \/>\n\t<meta property=\"og:image:width\" content=\"1080\" \/>\n\t<meta property=\"og:image:height\" content=\"1080\" \/>\n\t<meta property=\"og:image:type\" content=\"image\/jpeg\" \/>\n<meta name=\"twitter:card\" content=\"summary_large_image\" \/>\n<meta name=\"twitter:label1\" content=\"Fiyat\" \/>\n\t<meta name=\"twitter:data1\" content=\"&#8378;200,00\" \/>\n\t<meta name=\"twitter:label2\" content=\"Durumu\" \/>\n\t<meta name=\"twitter:data2\" content=\"Stokta var\" \/>\n<script type=\"application\/ld+json\" class=\"yoast-schema-graph\">{\"@context\":\"https:\/\/schema.org\",\"@graph\":[{\"@type\":\"WebPage\",\"@id\":\"https:\/\/soapladyoludeniz.com\/soapladyshop\/tr\/urun\/uzum-cekirdegi-sabunu\/\",\"url\":\"https:\/\/soapladyoludeniz.com\/soapladyshop\/tr\/urun\/uzum-cekirdegi-sabunu\/\",\"name\":\"\u00dcz\u00fcm \u00c7ekirde\u011fi Sabunu - SOAP LADY \u00d6L\u00dcDENIZ\",\"isPartOf\":{\"@id\":\"https:\/\/soapladyoludeniz.com\/soapladyshop\/#website\"},\"primaryImageOfPage\":{\"@id\":\"https:\/\/soapladyoludeniz.com\/soapladyshop\/tr\/urun\/uzum-cekirdegi-sabunu\/#primaryimage\"},\"image\":{\"@id\":\"https:\/\/soapladyoludeniz.com\/soapladyshop\/tr\/urun\/uzum-cekirdegi-sabunu\/#primaryimage\"},\"thumbnailUrl\":\"https:\/\/soapladyoludeniz.com\/soapladyshop\/wp-content\/uploads\/2025\/02\/Soap-Lady-Oludeniz-Grape-Seed-Soap-1.jpg\",\"datePublished\":\"2025-08-26T11:14:30+00:00\",\"dateModified\":\"2025-10-30T12:45:05+00:00\",\"description\":\"\u00dcz\u00fcm \u00c7ekirde\u011fi Sabunu'nun y\u00fcksek antioksidan g\u00fcc\u00fcyle ya\u015flanma etkilerine kar\u015f\u0131 sava\u015f\u0131n. Ciltteki kolajeni destekleyerek s\u0131k\u0131la\u015fmaya yard\u0131mc\u0131 do\u011fal sabun.\",\"breadcrumb\":{\"@id\":\"https:\/\/soapladyoludeniz.com\/soapladyshop\/tr\/urun\/uzum-cekirdegi-sabunu\/#breadcrumb\"},\"inLanguage\":\"tr\",\"potentialAction\":[{\"@type\":\"ReadAction\",\"target\":[\"https:\/\/soapladyoludeniz.com\/soapladyshop\/tr\/urun\/uzum-cekirdegi-sabunu\/\"]}]},{\"@type\":\"ImageObject\",\"inLanguage\":\"tr\",\"@id\":\"https:\/\/soapladyoludeniz.com\/soapladyshop\/tr\/urun\/uzum-cekirdegi-sabunu\/#primaryimage\",\"url\":\"https:\/\/soapladyoludeniz.com\/soapladyshop\/wp-content\/uploads\/2025\/02\/Soap-Lady-Oludeniz-Grape-Seed-Soap-1.jpg\",\"contentUrl\":\"https:\/\/soapladyoludeniz.com\/soapladyshop\/wp-content\/uploads\/2025\/02\/Soap-Lady-Oludeniz-Grape-Seed-Soap-1.jpg\",\"width\":1080,\"height\":1080,\"caption\":\"Soap Lady Oludeniz - Grape Seed Soap\"},{\"@type\":\"BreadcrumbList\",\"@id\":\"https:\/\/soapladyoludeniz.com\/soapladyshop\/tr\/urun\/uzum-cekirdegi-sabunu\/#breadcrumb\",\"itemListElement\":[{\"@type\":\"ListItem\",\"position\":1,\"name\":\"Anasayfa\",\"item\":\"https:\/\/soapladyoludeniz.com\/soapladyshop\/\"},{\"@type\":\"ListItem\",\"position\":2,\"name\":\"Shop\",\"item\":\"https:\/\/soapladyoludeniz.com\/soapladyshop\/shop\/\"},{\"@type\":\"ListItem\",\"position\":3,\"name\":\"\u00dcz\u00fcm \u00c7ekirde\u011fi Sabunu\"}]},{\"@type\":\"WebSite\",\"@id\":\"https:\/\/soapladyoludeniz.com\/soapladyshop\/#website\",\"url\":\"https:\/\/soapladyoludeniz.com\/soapladyshop\/\",\"name\":\"SOAP LADY \u00d6L\u00dcDENIZ\",\"description\":\"TURKISH HANDMADE NATURAL SOAP\",\"publisher\":{\"@id\":\"https:\/\/soapladyoludeniz.com\/soapladyshop\/#organization\"},\"potentialAction\":[{\"@type\":\"SearchAction\",\"target\":{\"@type\":\"EntryPoint\",\"urlTemplate\":\"https:\/\/soapladyoludeniz.com\/soapladyshop\/?s={search_term_string}\"},\"query-input\":{\"@type\":\"PropertyValueSpecification\",\"valueRequired\":true,\"valueName\":\"search_term_string\"}}],\"inLanguage\":\"tr\"},{\"@type\":\"Organization\",\"@id\":\"https:\/\/soapladyoludeniz.com\/soapladyshop\/#organization\",\"name\":\"SOAP LADY \u00d6L\u00dcDENIZ\",\"url\":\"https:\/\/soapladyoludeniz.com\/soapladyshop\/\",\"logo\":{\"@type\":\"ImageObject\",\"inLanguage\":\"tr\",\"@id\":\"https:\/\/soapladyoludeniz.com\/soapladyshop\/#\/schema\/logo\/image\/\",\"url\":\"https:\/\/soapladyoludeniz.com\/soapladyshop\/wp-content\/uploads\/2025\/02\/cropped-soapladylogo.png\",\"contentUrl\":\"https:\/\/soapladyoludeniz.com\/soapladyshop\/wp-content\/uploads\/2025\/02\/cropped-soapladylogo.png\",\"width\":512,\"height\":512,\"caption\":\"SOAP LADY \u00d6L\u00dcDENIZ\"},\"image\":{\"@id\":\"https:\/\/soapladyoludeniz.com\/soapladyshop\/#\/schema\/logo\/image\/\"},\"sameAs\":[\"https:\/\/www.facebook.com\/soapladyoludenizz\",\"https:\/\/www.instagram.com\/soap_lady_oludeniz\"]}]}<\/script>\n<meta property=\"product:price:amount\" content=\"200.00\" \/>\n<meta property=\"product:price:currency\" content=\"TRY\" \/>\n<meta property=\"og:availability\" content=\"instock\" \/>\n<meta property=\"product:availability\" content=\"instock\" \/>\n<meta property=\"product:condition\" content=\"new\" \/>\n<!-- \/ Yoast SEO Premium plugin. -->","yoast_head_json":{"title":"\u00dcz\u00fcm \u00c7ekirde\u011fi Sabunu - SOAP LADY \u00d6L\u00dcDENIZ","description":"\u00dcz\u00fcm \u00c7ekirde\u011fi Sabunu'nun y\u00fcksek antioksidan g\u00fcc\u00fcyle ya\u015flanma etkilerine kar\u015f\u0131 sava\u015f\u0131n. Ciltteki kolajeni destekleyerek s\u0131k\u0131la\u015fmaya yard\u0131mc\u0131 do\u011fal sabun.","robots":{"index":"noindex","follow":"follow","max-snippet":"max-snippet:-1","max-image-preview":"max-image-preview:large","max-video-preview":"max-video-preview:-1"},"og_locale":"tr_TR","og_type":"article","og_title":"\u00dcz\u00fcm \u00c7ekirde\u011fi Sabunu","og_description":"\u00dcz\u00fcm \u00c7ekirde\u011fi Sabunu'nun y\u00fcksek antioksidan g\u00fcc\u00fcyle ya\u015flanma etkilerine kar\u015f\u0131 sava\u015f\u0131n. Ciltteki kolajeni destekleyerek s\u0131k\u0131la\u015fmaya yard\u0131mc\u0131 do\u011fal sabun.","og_url":"https:\/\/soapladyoludeniz.com\/soapladyshop\/tr\/urun\/uzum-cekirdegi-sabunu\/","og_site_name":"SOAP LADY \u00d6L\u00dcDENIZ","article_publisher":"https:\/\/www.facebook.com\/soapladyoludenizz","article_modified_time":"2025-10-30T12:45:05+00:00","og_image":[{"width":1080,"height":1080,"url":"https:\/\/soapladyoludeniz.com\/soapladyshop\/wp-content\/uploads\/2025\/02\/Soap-Lady-Oludeniz-Grape-Seed-Soap-1.jpg","type":"image\/jpeg"}],"twitter_card":"summary_large_image","twitter_misc":{"Fiyat":"&#8378;200,00","Durumu":"Stokta var"},"schema":{"@context":"https:\/\/schema.org","@graph":[{"@type":"WebPage","@id":"https:\/\/soapladyoludeniz.com\/soapladyshop\/tr\/urun\/uzum-cekirdegi-sabunu\/","url":"https:\/\/soapladyoludeniz.com\/soapladyshop\/tr\/urun\/uzum-cekirdegi-sabunu\/","name":"\u00dcz\u00fcm \u00c7ekirde\u011fi Sabunu - SOAP LADY \u00d6L\u00dcDENIZ","isPartOf":{"@id":"https:\/\/soapladyoludeniz.com\/soapladyshop\/#website"},"primaryImageOfPage":{"@id":"https:\/\/soapladyoludeniz.com\/soapladyshop\/tr\/urun\/uzum-cekirdegi-sabunu\/#primaryimage"},"image":{"@id":"https:\/\/soapladyoludeniz.com\/soapladyshop\/tr\/urun\/uzum-cekirdegi-sabunu\/#primaryimage"},"thumbnailUrl":"https:\/\/soapladyoludeniz.com\/soapladyshop\/wp-content\/uploads\/2025\/02\/Soap-Lady-Oludeniz-Grape-Seed-Soap-1.jpg","datePublished":"2025-08-26T11:14:30+00:00","dateModified":"2025-10-30T12:45:05+00:00","description":"\u00dcz\u00fcm \u00c7ekirde\u011fi Sabunu'nun y\u00fcksek antioksidan g\u00fcc\u00fcyle ya\u015flanma etkilerine kar\u015f\u0131 sava\u015f\u0131n. Ciltteki kolajeni destekleyerek s\u0131k\u0131la\u015fmaya yard\u0131mc\u0131 do\u011fal sabun.","breadcrumb":{"@id":"https:\/\/soapladyoludeniz.com\/soapladyshop\/tr\/urun\/uzum-cekirdegi-sabunu\/#breadcrumb"},"inLanguage":"tr","potentialAction":[{"@type":"ReadAction","target":["https:\/\/soapladyoludeniz.com\/soapladyshop\/tr\/urun\/uzum-cekirdegi-sabunu\/"]}]},{"@type":"ImageObject","inLanguage":"tr","@id":"https:\/\/soapladyoludeniz.com\/soapladyshop\/tr\/urun\/uzum-cekirdegi-sabunu\/#primaryimage","url":"https:\/\/soapladyoludeniz.com\/soapladyshop\/wp-content\/uploads\/2025\/02\/Soap-Lady-Oludeniz-Grape-Seed-Soap-1.jpg","contentUrl":"https:\/\/soapladyoludeniz.com\/soapladyshop\/wp-content\/uploads\/2025\/02\/Soap-Lady-Oludeniz-Grape-Seed-Soap-1.jpg","width":1080,"height":1080,"caption":"Soap Lady Oludeniz - Grape Seed Soap"},{"@type":"BreadcrumbList","@id":"https:\/\/soapladyoludeniz.com\/soapladyshop\/tr\/urun\/uzum-cekirdegi-sabunu\/#breadcrumb","itemListElement":[{"@type":"ListItem","position":1,"name":"Anasayfa","item":"https:\/\/soapladyoludeniz.com\/soapladyshop\/"},{"@type":"ListItem","position":2,"name":"Shop","item":"https:\/\/soapladyoludeniz.com\/soapladyshop\/shop\/"},{"@type":"ListItem","position":3,"name":"\u00dcz\u00fcm \u00c7ekirde\u011fi Sabunu"}]},{"@type":"WebSite","@id":"https:\/\/soapladyoludeniz.com\/soapladyshop\/#website","url":"https:\/\/soapladyoludeniz.com\/soapladyshop\/","name":"SOAP LADY \u00d6L\u00dcDENIZ","description":"TURKISH HANDMADE NATURAL SOAP","publisher":{"@id":"https:\/\/soapladyoludeniz.com\/soapladyshop\/#organization"},"potentialAction":[{"@type":"SearchAction","target":{"@type":"EntryPoint","urlTemplate":"https:\/\/soapladyoludeniz.com\/soapladyshop\/?s={search_term_string}"},"query-input":{"@type":"PropertyValueSpecification","valueRequired":true,"valueName":"search_term_string"}}],"inLanguage":"tr"},{"@type":"Organization","@id":"https:\/\/soapladyoludeniz.com\/soapladyshop\/#organization","name":"SOAP LADY \u00d6L\u00dcDENIZ","url":"https:\/\/soapladyoludeniz.com\/soapladyshop\/","logo":{"@type":"ImageObject","inLanguage":"tr","@id":"https:\/\/soapladyoludeniz.com\/soapladyshop\/#\/schema\/logo\/image\/","url":"https:\/\/soapladyoludeniz.com\/soapladyshop\/wp-content\/uploads\/2025\/02\/cropped-soapladylogo.png","contentUrl":"https:\/\/soapladyoludeniz.com\/soapladyshop\/wp-content\/uploads\/2025\/02\/cropped-soapladylogo.png","width":512,"height":512,"caption":"SOAP LADY \u00d6L\u00dcDENIZ"},"image":{"@id":"https:\/\/soapladyoludeniz.com\/soapladyshop\/#\/schema\/logo\/image\/"},"sameAs":["https:\/\/www.facebook.com\/soapladyoludenizz","https:\/\/www.instagram.com\/soap_lady_oludeniz"]}]},"product_price_amount":"200.00","product_price_currency":"TRY","og_availability":"instock","product_availability":"instock","product_condition":"new"},"_links":{"self":[{"href":"https:\/\/soapladyoludeniz.com\/soapladyshop\/wp-json\/wp\/v2\/product\/13829","targetHints":{"allow":["GET"]}}],"collection":[{"href":"https:\/\/soapladyoludeniz.com\/soapladyshop\/wp-json\/wp\/v2\/product"}],"about":[{"href":"https:\/\/soapladyoludeniz.com\/soapladyshop\/wp-json\/wp\/v2\/types\/product"}],"replies":[{"embeddable":true,"href":"https:\/\/soapladyoludeniz.com\/soapladyshop\/wp-json\/wp\/v2\/comments?post=13829"}],"version-history":[{"count":3,"href":"https:\/\/soapladyoludeniz.com\/soapladyshop\/wp-json\/wp\/v2\/product\/13829\/revisions"}],"predecessor-version":[{"id":14761,"href":"https:\/\/soapladyoludeniz.com\/soapladyshop\/wp-json\/wp\/v2\/product\/13829\/revisions\/14761"}],"wp:featuredmedia":[{"embeddable":true,"href":"https:\/\/soapladyoludeniz.com\/soapladyshop\/wp-json\/wp\/v2\/media\/14502"}],"wp:attachment":[{"href":"https:\/\/soapladyoludeniz.com\/soapladyshop\/wp-json\/wp\/v2\/media?parent=13829"}],"wp:term":[{"taxonomy":"product_brand","embeddable":true,"href":"https:\/\/soapladyoludeniz.com\/soapladyshop\/wp-json\/wp\/v2\/product_brand?post=13829"},{"taxonomy":"product_cat","embeddable":true,"href":"https:\/\/soapladyoludeniz.com\/soapladyshop\/wp-json\/wp\/v2\/product_cat?post=13829"},{"taxonomy":"product_tag","embeddable":true,"href":"https:\/\/soapladyoludeniz.com\/soapladyshop\/wp-json\/wp\/v2\/product_tag?post=13829"}],"curies":[{"name":"wp","href":"https:\/\/api.w.org\/{rel}","templated":true}]}}