{"id":13735,"date":"2025-08-26T13:03:11","date_gmt":"2025-08-26T10:03:11","guid":{"rendered":"https:\/\/soapladyoludeniz.com\/soapladyshop\/?post_type=product&#038;p=13735"},"modified":"2025-10-30T15:49:23","modified_gmt":"2025-10-30T12:49:23","slug":"yasemin-sabunu","status":"publish","type":"product","link":"https:\/\/soapladyoludeniz.com\/soapladyshop\/tr\/urun\/yasemin-sabunu\/","title":{"rendered":"Yasemin Sabunu"},"content":{"rendered":"<p class=\"p1\"><b>Yasemin Sabununun \u00d6zellikleri<\/b><\/p>\n<ul class=\"ul1\">\n<li class=\"li3\"><b>Cilt Yenileyici<\/b> <span class=\"s1\">\u2728<\/span>: K\u0131r\u0131\u015f\u0131kl\u0131klar\u0131, sel\u00fcliti ve romatizma a\u011fr\u0131lar\u0131n\u0131 azaltmada etkili bir cilt temizleyicidir. Kad\u0131nlar\u0131n hormonal de\u011fi\u015fimleri, \u00f6zellikle hamilelik s\u0131ras\u0131nda olu\u015fan \u00e7atlaklar i\u00e7in \u00f6nerilir.<\/li>\n<li class=\"li3\"><b>A\u011fr\u0131 Giderici<\/b> <span class=\"s1\">\ud83e\ude79<\/span>: Romatizma a\u011fr\u0131lar\u0131n\u0131n hafifletilmesine yard\u0131mc\u0131 olur.<\/li>\n<li class=\"li3\"><b>Rahatlat\u0131c\u0131 Etki<\/b> <span class=\"s1\">\ud83d\udec0<\/span>: Do\u011fal ve tatl\u0131 kokusuyla banyoda veya du\u015fta rahatlamak i\u00e7in pop\u00fcler bir se\u00e7imdir.<div style=\"width: 800px;\" class=\"wp-video\"><video class=\"wp-video-shortcode\" id=\"video-13735-1\" width=\"800\" height=\"800\" poster=\"https:\/\/soapladyoludeniz.com\/soapladyshop\/wp-content\/uploads\/2025\/08\/Soap-Lady-Oludeniz-Yasemin-Sabunu.jpg\" preload=\"metadata\" controls=\"controls\"><source type=\"video\/mp4\" src=\"https:\/\/soapladyoludeniz.com\/soapladyshop\/wp-content\/uploads\/2025\/08\/Soap-Lady-Oludeniz-Yasemin-Sabunu-1.mp4?_=1\" \/><a href=\"https:\/\/soapladyoludeniz.com\/soapladyshop\/wp-content\/uploads\/2025\/08\/Soap-Lady-Oludeniz-Yasemin-Sabunu-1.mp4\">https:\/\/soapladyoludeniz.com\/soapladyshop\/wp-content\/uploads\/2025\/08\/Soap-Lady-Oludeniz-Yasemin-Sabunu-1.mp4<\/a><\/video><\/div><\/li>\n<\/ul>\n","protected":false},"excerpt":{"rendered":"<p>Tatl\u0131 kokusu e\u015fsizdir ve m\u00fc\u015fterilerimiz aras\u0131nda pop\u00fcler bir sabundur. Ya\u011f, etkili bir cilt temizleyicidir, ancak hamilelik dahil olmak \u00fczere kad\u0131nlar\u0131n hormonal de\u011fi\u015fiklikleri s\u0131ras\u0131nda ortaya \u00e7\u0131kabilecek \u00e7atlaklar i\u00e7in de \u00f6nerilir. K\u0131r\u0131\u015f\u0131kl\u0131klara kar\u015f\u0131 etkili olan, sel\u00fcliti ve romatoid a\u011fr\u0131lar\u0131 azaltan ya\u011f\u0131n cilt bak\u0131m\u0131 \u00f6zellikleri hafife al\u0131nmamal\u0131d\u0131r. Do\u011fal ve tatl\u0131 kokusuyla, banyoda veya du\u015fta rahatlamak isteyenler aras\u0131nda pop\u00fcler bir se\u00e7imdir.<\/p>\n","protected":false},"featured_media":14481,"comment_status":"open","ping_status":"closed","template":"","meta":[],"product_brand":[309],"product_cat":[182],"product_tag":[],"class_list":{"0":"post-13735","1":"product","2":"type-product","3":"status-publish","4":"has-post-thumbnail","6":"product_brand-soap-lady-oludeniz-tr","7":"product_cat-sabunlar","9":"first","10":"instock","11":"sale","12":"taxable","13":"shipping-taxable","14":"purchasable","15":"product-type-simple"},"yoast_head":"<!-- This site is optimized with the Yoast SEO Premium plugin v26.4 (Yoast SEO v27.1.1) - https:\/\/yoast.com\/product\/yoast-seo-premium-wordpress\/ -->\n<title>Yasemin Sabunu - SOAP LADY \u00d6L\u00dcDENIZ<\/title>\n<meta name=\"description\" content=\"Yasemin Sabunu&#039;nun e\u015fsiz ve b\u00fcy\u00fcleyici kokusuyla stresinizi at\u0131n. Cildi derinlemesine nemlendirerek ipeksi bir yumu\u015fakl\u0131k sa\u011flayan do\u011fal sabun.\" \/>\n<meta name=\"robots\" content=\"noindex, follow, max-snippet:-1, max-image-preview:large, max-video-preview:-1\" \/>\n<meta property=\"og:locale\" content=\"tr_TR\" \/>\n<meta property=\"og:type\" content=\"article\" \/>\n<meta property=\"og:title\" content=\"Yasemin Sabunu\" \/>\n<meta property=\"og:description\" content=\"Yasemin Sabunu&#039;nun e\u015fsiz ve b\u00fcy\u00fcleyici kokusuyla stresinizi at\u0131n. Cildi derinlemesine nemlendirerek ipeksi bir yumu\u015fakl\u0131k sa\u011flayan do\u011fal sabun.\" \/>\n<meta property=\"og:url\" content=\"https:\/\/soapladyoludeniz.com\/soapladyshop\/tr\/urun\/yasemin-sabunu\/\" \/>\n<meta property=\"og:site_name\" content=\"SOAP LADY \u00d6L\u00dcDENIZ\" \/>\n<meta property=\"article:publisher\" content=\"https:\/\/www.facebook.com\/soapladyoludenizz\" \/>\n<meta property=\"article:modified_time\" content=\"2025-10-30T12:49:23+00:00\" \/>\n<meta property=\"og:image\" content=\"https:\/\/soapladyoludeniz.com\/soapladyshop\/wp-content\/uploads\/2025\/02\/Soap-Lady-Oludeniz-Jasmine-Soap-1.jpg\" \/>\n\t<meta property=\"og:image:width\" content=\"1080\" \/>\n\t<meta property=\"og:image:height\" content=\"1080\" \/>\n\t<meta property=\"og:image:type\" content=\"image\/jpeg\" \/>\n<meta name=\"twitter:card\" content=\"summary_large_image\" \/>\n<meta name=\"twitter:label1\" content=\"Fiyat\" \/>\n\t<meta name=\"twitter:data1\" content=\"&#8378;200,00\" \/>\n\t<meta name=\"twitter:label2\" content=\"Durumu\" \/>\n\t<meta name=\"twitter:data2\" content=\"Stokta var\" \/>\n<script type=\"application\/ld+json\" class=\"yoast-schema-graph\">{\"@context\":\"https:\/\/schema.org\",\"@graph\":[{\"@type\":\"WebPage\",\"@id\":\"https:\/\/soapladyoludeniz.com\/soapladyshop\/tr\/urun\/yasemin-sabunu\/\",\"url\":\"https:\/\/soapladyoludeniz.com\/soapladyshop\/tr\/urun\/yasemin-sabunu\/\",\"name\":\"Yasemin Sabunu - SOAP LADY \u00d6L\u00dcDENIZ\",\"isPartOf\":{\"@id\":\"https:\/\/soapladyoludeniz.com\/soapladyshop\/#website\"},\"primaryImageOfPage\":{\"@id\":\"https:\/\/soapladyoludeniz.com\/soapladyshop\/tr\/urun\/yasemin-sabunu\/#primaryimage\"},\"image\":{\"@id\":\"https:\/\/soapladyoludeniz.com\/soapladyshop\/tr\/urun\/yasemin-sabunu\/#primaryimage\"},\"thumbnailUrl\":\"https:\/\/soapladyoludeniz.com\/soapladyshop\/wp-content\/uploads\/2025\/02\/Soap-Lady-Oludeniz-Jasmine-Soap-1.jpg\",\"datePublished\":\"2025-08-26T10:03:11+00:00\",\"dateModified\":\"2025-10-30T12:49:23+00:00\",\"description\":\"Yasemin Sabunu'nun e\u015fsiz ve b\u00fcy\u00fcleyici kokusuyla stresinizi at\u0131n. Cildi derinlemesine nemlendirerek ipeksi bir yumu\u015fakl\u0131k sa\u011flayan do\u011fal sabun.\",\"breadcrumb\":{\"@id\":\"https:\/\/soapladyoludeniz.com\/soapladyshop\/tr\/urun\/yasemin-sabunu\/#breadcrumb\"},\"inLanguage\":\"tr\",\"potentialAction\":[{\"@type\":\"ReadAction\",\"target\":[\"https:\/\/soapladyoludeniz.com\/soapladyshop\/tr\/urun\/yasemin-sabunu\/\"]}]},{\"@type\":\"ImageObject\",\"inLanguage\":\"tr\",\"@id\":\"https:\/\/soapladyoludeniz.com\/soapladyshop\/tr\/urun\/yasemin-sabunu\/#primaryimage\",\"url\":\"https:\/\/soapladyoludeniz.com\/soapladyshop\/wp-content\/uploads\/2025\/02\/Soap-Lady-Oludeniz-Jasmine-Soap-1.jpg\",\"contentUrl\":\"https:\/\/soapladyoludeniz.com\/soapladyshop\/wp-content\/uploads\/2025\/02\/Soap-Lady-Oludeniz-Jasmine-Soap-1.jpg\",\"width\":1080,\"height\":1080,\"caption\":\"Soap Lady Oludeniz - Jasmine Soap\"},{\"@type\":\"BreadcrumbList\",\"@id\":\"https:\/\/soapladyoludeniz.com\/soapladyshop\/tr\/urun\/yasemin-sabunu\/#breadcrumb\",\"itemListElement\":[{\"@type\":\"ListItem\",\"position\":1,\"name\":\"Anasayfa\",\"item\":\"https:\/\/soapladyoludeniz.com\/soapladyshop\/\"},{\"@type\":\"ListItem\",\"position\":2,\"name\":\"Shop\",\"item\":\"https:\/\/soapladyoludeniz.com\/soapladyshop\/shop\/\"},{\"@type\":\"ListItem\",\"position\":3,\"name\":\"Yasemin Sabunu\"}]},{\"@type\":\"WebSite\",\"@id\":\"https:\/\/soapladyoludeniz.com\/soapladyshop\/#website\",\"url\":\"https:\/\/soapladyoludeniz.com\/soapladyshop\/\",\"name\":\"SOAP LADY \u00d6L\u00dcDENIZ\",\"description\":\"TURKISH HANDMADE NATURAL SOAP\",\"publisher\":{\"@id\":\"https:\/\/soapladyoludeniz.com\/soapladyshop\/#organization\"},\"potentialAction\":[{\"@type\":\"SearchAction\",\"target\":{\"@type\":\"EntryPoint\",\"urlTemplate\":\"https:\/\/soapladyoludeniz.com\/soapladyshop\/?s={search_term_string}\"},\"query-input\":{\"@type\":\"PropertyValueSpecification\",\"valueRequired\":true,\"valueName\":\"search_term_string\"}}],\"inLanguage\":\"tr\"},{\"@type\":\"Organization\",\"@id\":\"https:\/\/soapladyoludeniz.com\/soapladyshop\/#organization\",\"name\":\"SOAP LADY \u00d6L\u00dcDENIZ\",\"url\":\"https:\/\/soapladyoludeniz.com\/soapladyshop\/\",\"logo\":{\"@type\":\"ImageObject\",\"inLanguage\":\"tr\",\"@id\":\"https:\/\/soapladyoludeniz.com\/soapladyshop\/#\/schema\/logo\/image\/\",\"url\":\"https:\/\/soapladyoludeniz.com\/soapladyshop\/wp-content\/uploads\/2025\/02\/cropped-soapladylogo.png\",\"contentUrl\":\"https:\/\/soapladyoludeniz.com\/soapladyshop\/wp-content\/uploads\/2025\/02\/cropped-soapladylogo.png\",\"width\":512,\"height\":512,\"caption\":\"SOAP LADY \u00d6L\u00dcDENIZ\"},\"image\":{\"@id\":\"https:\/\/soapladyoludeniz.com\/soapladyshop\/#\/schema\/logo\/image\/\"},\"sameAs\":[\"https:\/\/www.facebook.com\/soapladyoludenizz\",\"https:\/\/www.instagram.com\/soap_lady_oludeniz\"]}]}<\/script>\n<meta property=\"product:price:amount\" content=\"200.00\" \/>\n<meta property=\"product:price:currency\" content=\"TRY\" \/>\n<meta property=\"og:availability\" content=\"instock\" \/>\n<meta property=\"product:availability\" content=\"instock\" \/>\n<meta property=\"product:condition\" content=\"new\" \/>\n<!-- \/ Yoast SEO Premium plugin. -->","yoast_head_json":{"title":"Yasemin Sabunu - SOAP LADY \u00d6L\u00dcDENIZ","description":"Yasemin Sabunu'nun e\u015fsiz ve b\u00fcy\u00fcleyici kokusuyla stresinizi at\u0131n. Cildi derinlemesine nemlendirerek ipeksi bir yumu\u015fakl\u0131k sa\u011flayan do\u011fal sabun.","robots":{"index":"noindex","follow":"follow","max-snippet":"max-snippet:-1","max-image-preview":"max-image-preview:large","max-video-preview":"max-video-preview:-1"},"og_locale":"tr_TR","og_type":"article","og_title":"Yasemin Sabunu","og_description":"Yasemin Sabunu'nun e\u015fsiz ve b\u00fcy\u00fcleyici kokusuyla stresinizi at\u0131n. Cildi derinlemesine nemlendirerek ipeksi bir yumu\u015fakl\u0131k sa\u011flayan do\u011fal sabun.","og_url":"https:\/\/soapladyoludeniz.com\/soapladyshop\/tr\/urun\/yasemin-sabunu\/","og_site_name":"SOAP LADY \u00d6L\u00dcDENIZ","article_publisher":"https:\/\/www.facebook.com\/soapladyoludenizz","article_modified_time":"2025-10-30T12:49:23+00:00","og_image":[{"width":1080,"height":1080,"url":"https:\/\/soapladyoludeniz.com\/soapladyshop\/wp-content\/uploads\/2025\/02\/Soap-Lady-Oludeniz-Jasmine-Soap-1.jpg","type":"image\/jpeg"}],"twitter_card":"summary_large_image","twitter_misc":{"Fiyat":"&#8378;200,00","Durumu":"Stokta var"},"schema":{"@context":"https:\/\/schema.org","@graph":[{"@type":"WebPage","@id":"https:\/\/soapladyoludeniz.com\/soapladyshop\/tr\/urun\/yasemin-sabunu\/","url":"https:\/\/soapladyoludeniz.com\/soapladyshop\/tr\/urun\/yasemin-sabunu\/","name":"Yasemin Sabunu - SOAP LADY \u00d6L\u00dcDENIZ","isPartOf":{"@id":"https:\/\/soapladyoludeniz.com\/soapladyshop\/#website"},"primaryImageOfPage":{"@id":"https:\/\/soapladyoludeniz.com\/soapladyshop\/tr\/urun\/yasemin-sabunu\/#primaryimage"},"image":{"@id":"https:\/\/soapladyoludeniz.com\/soapladyshop\/tr\/urun\/yasemin-sabunu\/#primaryimage"},"thumbnailUrl":"https:\/\/soapladyoludeniz.com\/soapladyshop\/wp-content\/uploads\/2025\/02\/Soap-Lady-Oludeniz-Jasmine-Soap-1.jpg","datePublished":"2025-08-26T10:03:11+00:00","dateModified":"2025-10-30T12:49:23+00:00","description":"Yasemin Sabunu'nun e\u015fsiz ve b\u00fcy\u00fcleyici kokusuyla stresinizi at\u0131n. Cildi derinlemesine nemlendirerek ipeksi bir yumu\u015fakl\u0131k sa\u011flayan do\u011fal sabun.","breadcrumb":{"@id":"https:\/\/soapladyoludeniz.com\/soapladyshop\/tr\/urun\/yasemin-sabunu\/#breadcrumb"},"inLanguage":"tr","potentialAction":[{"@type":"ReadAction","target":["https:\/\/soapladyoludeniz.com\/soapladyshop\/tr\/urun\/yasemin-sabunu\/"]}]},{"@type":"ImageObject","inLanguage":"tr","@id":"https:\/\/soapladyoludeniz.com\/soapladyshop\/tr\/urun\/yasemin-sabunu\/#primaryimage","url":"https:\/\/soapladyoludeniz.com\/soapladyshop\/wp-content\/uploads\/2025\/02\/Soap-Lady-Oludeniz-Jasmine-Soap-1.jpg","contentUrl":"https:\/\/soapladyoludeniz.com\/soapladyshop\/wp-content\/uploads\/2025\/02\/Soap-Lady-Oludeniz-Jasmine-Soap-1.jpg","width":1080,"height":1080,"caption":"Soap Lady Oludeniz - Jasmine Soap"},{"@type":"BreadcrumbList","@id":"https:\/\/soapladyoludeniz.com\/soapladyshop\/tr\/urun\/yasemin-sabunu\/#breadcrumb","itemListElement":[{"@type":"ListItem","position":1,"name":"Anasayfa","item":"https:\/\/soapladyoludeniz.com\/soapladyshop\/"},{"@type":"ListItem","position":2,"name":"Shop","item":"https:\/\/soapladyoludeniz.com\/soapladyshop\/shop\/"},{"@type":"ListItem","position":3,"name":"Yasemin Sabunu"}]},{"@type":"WebSite","@id":"https:\/\/soapladyoludeniz.com\/soapladyshop\/#website","url":"https:\/\/soapladyoludeniz.com\/soapladyshop\/","name":"SOAP LADY \u00d6L\u00dcDENIZ","description":"TURKISH HANDMADE NATURAL SOAP","publisher":{"@id":"https:\/\/soapladyoludeniz.com\/soapladyshop\/#organization"},"potentialAction":[{"@type":"SearchAction","target":{"@type":"EntryPoint","urlTemplate":"https:\/\/soapladyoludeniz.com\/soapladyshop\/?s={search_term_string}"},"query-input":{"@type":"PropertyValueSpecification","valueRequired":true,"valueName":"search_term_string"}}],"inLanguage":"tr"},{"@type":"Organization","@id":"https:\/\/soapladyoludeniz.com\/soapladyshop\/#organization","name":"SOAP LADY \u00d6L\u00dcDENIZ","url":"https:\/\/soapladyoludeniz.com\/soapladyshop\/","logo":{"@type":"ImageObject","inLanguage":"tr","@id":"https:\/\/soapladyoludeniz.com\/soapladyshop\/#\/schema\/logo\/image\/","url":"https:\/\/soapladyoludeniz.com\/soapladyshop\/wp-content\/uploads\/2025\/02\/cropped-soapladylogo.png","contentUrl":"https:\/\/soapladyoludeniz.com\/soapladyshop\/wp-content\/uploads\/2025\/02\/cropped-soapladylogo.png","width":512,"height":512,"caption":"SOAP LADY \u00d6L\u00dcDENIZ"},"image":{"@id":"https:\/\/soapladyoludeniz.com\/soapladyshop\/#\/schema\/logo\/image\/"},"sameAs":["https:\/\/www.facebook.com\/soapladyoludenizz","https:\/\/www.instagram.com\/soap_lady_oludeniz"]}]},"product_price_amount":"200.00","product_price_currency":"TRY","og_availability":"instock","product_availability":"instock","product_condition":"new"},"_links":{"self":[{"href":"https:\/\/soapladyoludeniz.com\/soapladyshop\/wp-json\/wp\/v2\/product\/13735","targetHints":{"allow":["GET"]}}],"collection":[{"href":"https:\/\/soapladyoludeniz.com\/soapladyshop\/wp-json\/wp\/v2\/product"}],"about":[{"href":"https:\/\/soapladyoludeniz.com\/soapladyshop\/wp-json\/wp\/v2\/types\/product"}],"replies":[{"embeddable":true,"href":"https:\/\/soapladyoludeniz.com\/soapladyshop\/wp-json\/wp\/v2\/comments?post=13735"}],"version-history":[{"count":3,"href":"https:\/\/soapladyoludeniz.com\/soapladyshop\/wp-json\/wp\/v2\/product\/13735\/revisions"}],"predecessor-version":[{"id":14766,"href":"https:\/\/soapladyoludeniz.com\/soapladyshop\/wp-json\/wp\/v2\/product\/13735\/revisions\/14766"}],"wp:featuredmedia":[{"embeddable":true,"href":"https:\/\/soapladyoludeniz.com\/soapladyshop\/wp-json\/wp\/v2\/media\/14481"}],"wp:attachment":[{"href":"https:\/\/soapladyoludeniz.com\/soapladyshop\/wp-json\/wp\/v2\/media?parent=13735"}],"wp:term":[{"taxonomy":"product_brand","embeddable":true,"href":"https:\/\/soapladyoludeniz.com\/soapladyshop\/wp-json\/wp\/v2\/product_brand?post=13735"},{"taxonomy":"product_cat","embeddable":true,"href":"https:\/\/soapladyoludeniz.com\/soapladyshop\/wp-json\/wp\/v2\/product_cat?post=13735"},{"taxonomy":"product_tag","embeddable":true,"href":"https:\/\/soapladyoludeniz.com\/soapladyshop\/wp-json\/wp\/v2\/product_tag?post=13735"}],"curies":[{"name":"wp","href":"https:\/\/api.w.org\/{rel}","templated":true}]}}