{"id":13427,"date":"2025-08-06T16:10:32","date_gmt":"2025-08-06T13:10:32","guid":{"rendered":"https:\/\/soapladyoludeniz.com\/soapladyshop\/?post_type=product&#038;p=13427"},"modified":"2025-10-30T16:31:03","modified_gmt":"2025-10-30T13:31:03","slug":"orkide-sabunu","status":"publish","type":"product","link":"https:\/\/soapladyoludeniz.com\/soapladyshop\/tr\/urun\/orkide-sabunu\/","title":{"rendered":"Orkide Sabunu"},"content":{"rendered":"<p class=\"p1\"><b>Orkide Sabununun \u00d6zellikleri<\/b><\/p>\n<ul class=\"ul1\">\n<li class=\"li3\"><b>Cilt Yenileyici ve Nemlendirici<\/b> <span class=\"s1\">\u2728<\/span>: T\u00fcm cilt tipleri i\u00e7in uygundur. Cildi yeniler, p\u00fcr\u00fczs\u00fcz ve parlak bir g\u00f6r\u00fcn\u00fcm kazand\u0131r\u0131r, \u00f6zellikle kuru ciltler i\u00e7in harika bir nemlendiricidir.<\/li>\n<li class=\"li3\"><b>Ya\u015flanma Kar\u015f\u0131t\u0131<\/b> <span class=\"s1\">\u23f3<\/span>: \u0130nce \u00e7izgileri ve k\u0131r\u0131\u015f\u0131kl\u0131klar\u0131 azaltarak cilde parlak ve \u0131\u015f\u0131lt\u0131l\u0131 bir g\u00f6r\u00fcn\u00fcm verir.<\/li>\n<li class=\"li3\"><b>Sa\u00e7 Bak\u0131m\u0131<\/b> <span class=\"s1\">\ud83c\udf38<\/span>: D\u00fczenli kullan\u0131mda sa\u00e7\u0131n parlak ve bak\u0131ml\u0131 olmas\u0131n\u0131 sa\u011flar.<\/li>\n<\/ul>\n<div style=\"width: 800px;\" class=\"wp-video\"><video class=\"wp-video-shortcode\" id=\"video-13427-1\" width=\"800\" height=\"800\" poster=\"https:\/\/soapladyoludeniz.com\/soapladyshop\/wp-content\/uploads\/2025\/08\/Soap-Lady-Oludeniz-Orkide-Sabunu.jpg\" preload=\"metadata\" controls=\"controls\"><source type=\"video\/mp4\" src=\"https:\/\/soapladyoludeniz.com\/soapladyshop\/wp-content\/uploads\/2025\/08\/Soap-Lady-Oludeniz-Orkide-Sabunu-1.mp4?_=1\" \/><a href=\"https:\/\/soapladyoludeniz.com\/soapladyshop\/wp-content\/uploads\/2025\/08\/Soap-Lady-Oludeniz-Orkide-Sabunu-1.mp4\">https:\/\/soapladyoludeniz.com\/soapladyshop\/wp-content\/uploads\/2025\/08\/Soap-Lady-Oludeniz-Orkide-Sabunu-1.mp4<\/a><\/video><\/div>\n","protected":false},"excerpt":{"rendered":"<p style=\"text-align: justify;\">T\u00fcm cilt tipleri i\u00e7in uygun olan Orchid Soap, ince orkide kokusuyla uzun ve stresli bir g\u00fcn\u00fcn ard\u0131ndan \u00f6zellikle l\u00fcks bir sabun olarak tan\u0131mlanabilir. \u00d6zellikle kuru ciltler i\u00e7in cildi yenileyerek p\u00fcr\u00fczs\u00fcz ve parlak bir g\u00f6r\u00fcn\u00fcm kazand\u0131rd\u0131\u011f\u0131 bilinmektedir. \u0130nce \u00e7izgiler ve k\u0131r\u0131\u015f\u0131kl\u0131klar i\u00e7in \u00f6nerilir, cildi nemlendirerek parlak ve \u0131\u015f\u0131lt\u0131l\u0131 bir cilt g\u00f6r\u00fcn\u00fcm\u00fc sa\u011flar. D\u00fczenli kullan\u0131ld\u0131\u011f\u0131nda sa\u00e7\u0131 parlak ve bak\u0131ml\u0131 hale getirir.<\/p>\n","protected":false},"featured_media":14367,"comment_status":"open","ping_status":"closed","template":"","meta":[],"product_brand":[309],"product_cat":[182],"product_tag":[],"class_list":{"0":"post-13427","1":"product","2":"type-product","3":"status-publish","4":"has-post-thumbnail","6":"product_brand-soap-lady-oludeniz-tr","7":"product_cat-sabunlar","9":"first","10":"instock","11":"sale","12":"taxable","13":"shipping-taxable","14":"purchasable","15":"product-type-simple"},"yoast_head":"<!-- This site is optimized with the Yoast SEO Premium plugin v26.4 (Yoast SEO v27.1.1) - https:\/\/yoast.com\/product\/yoast-seo-premium-wordpress\/ -->\n<title>Orkide Sabunu - SOAP LADY \u00d6L\u00dcDENIZ<\/title>\n<meta name=\"description\" content=\"Orkide Sabunu&#039;nun egzotik ve l\u00fcks kokusuyla cildinizi \u015f\u0131mart\u0131n. Yo\u011fun nem ve anti-aging \u00f6zellikleriyle cildinize ipeksi bir yumu\u015fakl\u0131k sa\u011flayan do\u011fal sabun.\" \/>\n<meta name=\"robots\" content=\"noindex, follow, max-snippet:-1, max-image-preview:large, max-video-preview:-1\" \/>\n<meta property=\"og:locale\" content=\"tr_TR\" \/>\n<meta property=\"og:type\" content=\"article\" \/>\n<meta property=\"og:title\" content=\"Orkide Sabunu\" \/>\n<meta property=\"og:description\" content=\"Orkide Sabunu&#039;nun egzotik ve l\u00fcks kokusuyla cildinizi \u015f\u0131mart\u0131n. Yo\u011fun nem ve anti-aging \u00f6zellikleriyle cildinize ipeksi bir yumu\u015fakl\u0131k sa\u011flayan do\u011fal sabun.\" \/>\n<meta property=\"og:url\" content=\"https:\/\/soapladyoludeniz.com\/soapladyshop\/tr\/urun\/orkide-sabunu\/\" \/>\n<meta property=\"og:site_name\" content=\"SOAP LADY \u00d6L\u00dcDENIZ\" \/>\n<meta property=\"article:publisher\" content=\"https:\/\/www.facebook.com\/soapladyoludenizz\" \/>\n<meta property=\"article:modified_time\" content=\"2025-10-30T13:31:03+00:00\" \/>\n<meta property=\"og:image\" content=\"https:\/\/soapladyoludeniz.com\/soapladyshop\/wp-content\/uploads\/2025\/02\/Soap-Lady-Oludeniz-Orchid-Soap-1.jpg\" \/>\n\t<meta property=\"og:image:width\" content=\"1080\" \/>\n\t<meta property=\"og:image:height\" content=\"1080\" \/>\n\t<meta property=\"og:image:type\" content=\"image\/jpeg\" \/>\n<meta name=\"twitter:card\" content=\"summary_large_image\" \/>\n<meta name=\"twitter:label1\" content=\"Fiyat\" \/>\n\t<meta name=\"twitter:data1\" content=\"&#8378;200,00\" \/>\n\t<meta name=\"twitter:label2\" content=\"Durumu\" \/>\n\t<meta name=\"twitter:data2\" content=\"Stokta var\" \/>\n<script type=\"application\/ld+json\" class=\"yoast-schema-graph\">{\"@context\":\"https:\/\/schema.org\",\"@graph\":[{\"@type\":\"WebPage\",\"@id\":\"https:\/\/soapladyoludeniz.com\/soapladyshop\/tr\/urun\/orkide-sabunu\/\",\"url\":\"https:\/\/soapladyoludeniz.com\/soapladyshop\/tr\/urun\/orkide-sabunu\/\",\"name\":\"Orkide Sabunu - SOAP LADY \u00d6L\u00dcDENIZ\",\"isPartOf\":{\"@id\":\"https:\/\/soapladyoludeniz.com\/soapladyshop\/#website\"},\"primaryImageOfPage\":{\"@id\":\"https:\/\/soapladyoludeniz.com\/soapladyshop\/tr\/urun\/orkide-sabunu\/#primaryimage\"},\"image\":{\"@id\":\"https:\/\/soapladyoludeniz.com\/soapladyshop\/tr\/urun\/orkide-sabunu\/#primaryimage\"},\"thumbnailUrl\":\"https:\/\/soapladyoludeniz.com\/soapladyshop\/wp-content\/uploads\/2025\/02\/Soap-Lady-Oludeniz-Orchid-Soap-1.jpg\",\"datePublished\":\"2025-08-06T13:10:32+00:00\",\"dateModified\":\"2025-10-30T13:31:03+00:00\",\"description\":\"Orkide Sabunu'nun egzotik ve l\u00fcks kokusuyla cildinizi \u015f\u0131mart\u0131n. Yo\u011fun nem ve anti-aging \u00f6zellikleriyle cildinize ipeksi bir yumu\u015fakl\u0131k sa\u011flayan do\u011fal sabun.\",\"breadcrumb\":{\"@id\":\"https:\/\/soapladyoludeniz.com\/soapladyshop\/tr\/urun\/orkide-sabunu\/#breadcrumb\"},\"inLanguage\":\"tr\",\"potentialAction\":[{\"@type\":\"ReadAction\",\"target\":[\"https:\/\/soapladyoludeniz.com\/soapladyshop\/tr\/urun\/orkide-sabunu\/\"]}]},{\"@type\":\"ImageObject\",\"inLanguage\":\"tr\",\"@id\":\"https:\/\/soapladyoludeniz.com\/soapladyshop\/tr\/urun\/orkide-sabunu\/#primaryimage\",\"url\":\"https:\/\/soapladyoludeniz.com\/soapladyshop\/wp-content\/uploads\/2025\/02\/Soap-Lady-Oludeniz-Orchid-Soap-1.jpg\",\"contentUrl\":\"https:\/\/soapladyoludeniz.com\/soapladyshop\/wp-content\/uploads\/2025\/02\/Soap-Lady-Oludeniz-Orchid-Soap-1.jpg\",\"width\":1080,\"height\":1080,\"caption\":\"Soap Lady Oludeniz - Orchid Soap\"},{\"@type\":\"BreadcrumbList\",\"@id\":\"https:\/\/soapladyoludeniz.com\/soapladyshop\/tr\/urun\/orkide-sabunu\/#breadcrumb\",\"itemListElement\":[{\"@type\":\"ListItem\",\"position\":1,\"name\":\"Anasayfa\",\"item\":\"https:\/\/soapladyoludeniz.com\/soapladyshop\/\"},{\"@type\":\"ListItem\",\"position\":2,\"name\":\"Shop\",\"item\":\"https:\/\/soapladyoludeniz.com\/soapladyshop\/shop\/\"},{\"@type\":\"ListItem\",\"position\":3,\"name\":\"Orkide Sabunu\"}]},{\"@type\":\"WebSite\",\"@id\":\"https:\/\/soapladyoludeniz.com\/soapladyshop\/#website\",\"url\":\"https:\/\/soapladyoludeniz.com\/soapladyshop\/\",\"name\":\"SOAP LADY \u00d6L\u00dcDENIZ\",\"description\":\"TURKISH HANDMADE NATURAL SOAP\",\"publisher\":{\"@id\":\"https:\/\/soapladyoludeniz.com\/soapladyshop\/#organization\"},\"potentialAction\":[{\"@type\":\"SearchAction\",\"target\":{\"@type\":\"EntryPoint\",\"urlTemplate\":\"https:\/\/soapladyoludeniz.com\/soapladyshop\/?s={search_term_string}\"},\"query-input\":{\"@type\":\"PropertyValueSpecification\",\"valueRequired\":true,\"valueName\":\"search_term_string\"}}],\"inLanguage\":\"tr\"},{\"@type\":\"Organization\",\"@id\":\"https:\/\/soapladyoludeniz.com\/soapladyshop\/#organization\",\"name\":\"SOAP LADY \u00d6L\u00dcDENIZ\",\"url\":\"https:\/\/soapladyoludeniz.com\/soapladyshop\/\",\"logo\":{\"@type\":\"ImageObject\",\"inLanguage\":\"tr\",\"@id\":\"https:\/\/soapladyoludeniz.com\/soapladyshop\/#\/schema\/logo\/image\/\",\"url\":\"https:\/\/soapladyoludeniz.com\/soapladyshop\/wp-content\/uploads\/2025\/02\/cropped-soapladylogo.png\",\"contentUrl\":\"https:\/\/soapladyoludeniz.com\/soapladyshop\/wp-content\/uploads\/2025\/02\/cropped-soapladylogo.png\",\"width\":512,\"height\":512,\"caption\":\"SOAP LADY \u00d6L\u00dcDENIZ\"},\"image\":{\"@id\":\"https:\/\/soapladyoludeniz.com\/soapladyshop\/#\/schema\/logo\/image\/\"},\"sameAs\":[\"https:\/\/www.facebook.com\/soapladyoludenizz\",\"https:\/\/www.instagram.com\/soap_lady_oludeniz\"]}]}<\/script>\n<meta property=\"product:price:amount\" content=\"200.00\" \/>\n<meta property=\"product:price:currency\" content=\"TRY\" \/>\n<meta property=\"og:availability\" content=\"instock\" \/>\n<meta property=\"product:availability\" content=\"instock\" \/>\n<meta property=\"product:condition\" content=\"new\" \/>\n<!-- \/ Yoast SEO Premium plugin. -->","yoast_head_json":{"title":"Orkide Sabunu - SOAP LADY \u00d6L\u00dcDENIZ","description":"Orkide Sabunu'nun egzotik ve l\u00fcks kokusuyla cildinizi \u015f\u0131mart\u0131n. Yo\u011fun nem ve anti-aging \u00f6zellikleriyle cildinize ipeksi bir yumu\u015fakl\u0131k sa\u011flayan do\u011fal sabun.","robots":{"index":"noindex","follow":"follow","max-snippet":"max-snippet:-1","max-image-preview":"max-image-preview:large","max-video-preview":"max-video-preview:-1"},"og_locale":"tr_TR","og_type":"article","og_title":"Orkide Sabunu","og_description":"Orkide Sabunu'nun egzotik ve l\u00fcks kokusuyla cildinizi \u015f\u0131mart\u0131n. Yo\u011fun nem ve anti-aging \u00f6zellikleriyle cildinize ipeksi bir yumu\u015fakl\u0131k sa\u011flayan do\u011fal sabun.","og_url":"https:\/\/soapladyoludeniz.com\/soapladyshop\/tr\/urun\/orkide-sabunu\/","og_site_name":"SOAP LADY \u00d6L\u00dcDENIZ","article_publisher":"https:\/\/www.facebook.com\/soapladyoludenizz","article_modified_time":"2025-10-30T13:31:03+00:00","og_image":[{"width":1080,"height":1080,"url":"https:\/\/soapladyoludeniz.com\/soapladyshop\/wp-content\/uploads\/2025\/02\/Soap-Lady-Oludeniz-Orchid-Soap-1.jpg","type":"image\/jpeg"}],"twitter_card":"summary_large_image","twitter_misc":{"Fiyat":"&#8378;200,00","Durumu":"Stokta var"},"schema":{"@context":"https:\/\/schema.org","@graph":[{"@type":"WebPage","@id":"https:\/\/soapladyoludeniz.com\/soapladyshop\/tr\/urun\/orkide-sabunu\/","url":"https:\/\/soapladyoludeniz.com\/soapladyshop\/tr\/urun\/orkide-sabunu\/","name":"Orkide Sabunu - SOAP LADY \u00d6L\u00dcDENIZ","isPartOf":{"@id":"https:\/\/soapladyoludeniz.com\/soapladyshop\/#website"},"primaryImageOfPage":{"@id":"https:\/\/soapladyoludeniz.com\/soapladyshop\/tr\/urun\/orkide-sabunu\/#primaryimage"},"image":{"@id":"https:\/\/soapladyoludeniz.com\/soapladyshop\/tr\/urun\/orkide-sabunu\/#primaryimage"},"thumbnailUrl":"https:\/\/soapladyoludeniz.com\/soapladyshop\/wp-content\/uploads\/2025\/02\/Soap-Lady-Oludeniz-Orchid-Soap-1.jpg","datePublished":"2025-08-06T13:10:32+00:00","dateModified":"2025-10-30T13:31:03+00:00","description":"Orkide Sabunu'nun egzotik ve l\u00fcks kokusuyla cildinizi \u015f\u0131mart\u0131n. Yo\u011fun nem ve anti-aging \u00f6zellikleriyle cildinize ipeksi bir yumu\u015fakl\u0131k sa\u011flayan do\u011fal sabun.","breadcrumb":{"@id":"https:\/\/soapladyoludeniz.com\/soapladyshop\/tr\/urun\/orkide-sabunu\/#breadcrumb"},"inLanguage":"tr","potentialAction":[{"@type":"ReadAction","target":["https:\/\/soapladyoludeniz.com\/soapladyshop\/tr\/urun\/orkide-sabunu\/"]}]},{"@type":"ImageObject","inLanguage":"tr","@id":"https:\/\/soapladyoludeniz.com\/soapladyshop\/tr\/urun\/orkide-sabunu\/#primaryimage","url":"https:\/\/soapladyoludeniz.com\/soapladyshop\/wp-content\/uploads\/2025\/02\/Soap-Lady-Oludeniz-Orchid-Soap-1.jpg","contentUrl":"https:\/\/soapladyoludeniz.com\/soapladyshop\/wp-content\/uploads\/2025\/02\/Soap-Lady-Oludeniz-Orchid-Soap-1.jpg","width":1080,"height":1080,"caption":"Soap Lady Oludeniz - Orchid Soap"},{"@type":"BreadcrumbList","@id":"https:\/\/soapladyoludeniz.com\/soapladyshop\/tr\/urun\/orkide-sabunu\/#breadcrumb","itemListElement":[{"@type":"ListItem","position":1,"name":"Anasayfa","item":"https:\/\/soapladyoludeniz.com\/soapladyshop\/"},{"@type":"ListItem","position":2,"name":"Shop","item":"https:\/\/soapladyoludeniz.com\/soapladyshop\/shop\/"},{"@type":"ListItem","position":3,"name":"Orkide Sabunu"}]},{"@type":"WebSite","@id":"https:\/\/soapladyoludeniz.com\/soapladyshop\/#website","url":"https:\/\/soapladyoludeniz.com\/soapladyshop\/","name":"SOAP LADY \u00d6L\u00dcDENIZ","description":"TURKISH HANDMADE NATURAL SOAP","publisher":{"@id":"https:\/\/soapladyoludeniz.com\/soapladyshop\/#organization"},"potentialAction":[{"@type":"SearchAction","target":{"@type":"EntryPoint","urlTemplate":"https:\/\/soapladyoludeniz.com\/soapladyshop\/?s={search_term_string}"},"query-input":{"@type":"PropertyValueSpecification","valueRequired":true,"valueName":"search_term_string"}}],"inLanguage":"tr"},{"@type":"Organization","@id":"https:\/\/soapladyoludeniz.com\/soapladyshop\/#organization","name":"SOAP LADY \u00d6L\u00dcDENIZ","url":"https:\/\/soapladyoludeniz.com\/soapladyshop\/","logo":{"@type":"ImageObject","inLanguage":"tr","@id":"https:\/\/soapladyoludeniz.com\/soapladyshop\/#\/schema\/logo\/image\/","url":"https:\/\/soapladyoludeniz.com\/soapladyshop\/wp-content\/uploads\/2025\/02\/cropped-soapladylogo.png","contentUrl":"https:\/\/soapladyoludeniz.com\/soapladyshop\/wp-content\/uploads\/2025\/02\/cropped-soapladylogo.png","width":512,"height":512,"caption":"SOAP LADY \u00d6L\u00dcDENIZ"},"image":{"@id":"https:\/\/soapladyoludeniz.com\/soapladyshop\/#\/schema\/logo\/image\/"},"sameAs":["https:\/\/www.facebook.com\/soapladyoludenizz","https:\/\/www.instagram.com\/soap_lady_oludeniz"]}]},"product_price_amount":"200.00","product_price_currency":"TRY","og_availability":"instock","product_availability":"instock","product_condition":"new"},"_links":{"self":[{"href":"https:\/\/soapladyoludeniz.com\/soapladyshop\/wp-json\/wp\/v2\/product\/13427","targetHints":{"allow":["GET"]}}],"collection":[{"href":"https:\/\/soapladyoludeniz.com\/soapladyshop\/wp-json\/wp\/v2\/product"}],"about":[{"href":"https:\/\/soapladyoludeniz.com\/soapladyshop\/wp-json\/wp\/v2\/types\/product"}],"replies":[{"embeddable":true,"href":"https:\/\/soapladyoludeniz.com\/soapladyshop\/wp-json\/wp\/v2\/comments?post=13427"}],"version-history":[{"count":6,"href":"https:\/\/soapladyoludeniz.com\/soapladyshop\/wp-json\/wp\/v2\/product\/13427\/revisions"}],"predecessor-version":[{"id":13546,"href":"https:\/\/soapladyoludeniz.com\/soapladyshop\/wp-json\/wp\/v2\/product\/13427\/revisions\/13546"}],"wp:featuredmedia":[{"embeddable":true,"href":"https:\/\/soapladyoludeniz.com\/soapladyshop\/wp-json\/wp\/v2\/media\/14367"}],"wp:attachment":[{"href":"https:\/\/soapladyoludeniz.com\/soapladyshop\/wp-json\/wp\/v2\/media?parent=13427"}],"wp:term":[{"taxonomy":"product_brand","embeddable":true,"href":"https:\/\/soapladyoludeniz.com\/soapladyshop\/wp-json\/wp\/v2\/product_brand?post=13427"},{"taxonomy":"product_cat","embeddable":true,"href":"https:\/\/soapladyoludeniz.com\/soapladyshop\/wp-json\/wp\/v2\/product_cat?post=13427"},{"taxonomy":"product_tag","embeddable":true,"href":"https:\/\/soapladyoludeniz.com\/soapladyshop\/wp-json\/wp\/v2\/product_tag?post=13427"}],"curies":[{"name":"wp","href":"https:\/\/api.w.org\/{rel}","templated":true}]}}