{"id":13408,"date":"2025-08-06T16:08:29","date_gmt":"2025-08-06T13:08:29","guid":{"rendered":"https:\/\/soapladyoludeniz.com\/soapladyshop\/?post_type=product&#038;p=13408"},"modified":"2025-10-30T16:26:18","modified_gmt":"2025-10-30T13:26:18","slug":"zeytin-yagi-yesil-sabunu","status":"publish","type":"product","link":"https:\/\/soapladyoludeniz.com\/soapladyshop\/tr\/urun\/zeytin-yagi-yesil-sabunu\/","title":{"rendered":"Zeytin Ya\u011f\u0131 (Ye\u015fil) Sabunu"},"content":{"rendered":"<p class=\"p1\"><b>Zeytinya\u011f\u0131 Sabununun \u00d6zellikleri<\/b><\/p>\n<ul class=\"ul1\">\n<li class=\"li3\"><b>T\u00fcm Cilt Tiplerine Uyumlu<\/b> <span class=\"s1\">\u2728<\/span>: Geleneksel T\u00fcrk hamam sabunu olan zeytinya\u011f\u0131 sabunu, her t\u00fcr cilt i\u00e7in uygundur ve cilde sa\u011fl\u0131kl\u0131 bir parlakl\u0131k kazand\u0131r\u0131r.<\/li>\n<li class=\"li3\"><b>Cilt ve Sa\u00e7 Sa\u011fl\u0131\u011f\u0131<\/b> <span class=\"s1\">\ud83e\uddf4<\/span>: Sahip oldu\u011fu antioksidanlarla sa\u00e7\u0131 g\u00fc\u00e7lendirir, cildi yumu\u015fat\u0131r ve kuru cildi canland\u0131r\u0131r. D\u00fczenli kullan\u0131mda sedef, egzama ve sivilceyi \u00f6nlemeye yard\u0131mc\u0131 olur.<\/li>\n<li class=\"li3\"><b>Is\u0131 D\u00f6k\u00fcnt\u00fcs\u00fc Giderici<\/b> <span class=\"s1\">\u2600\ufe0f<\/span>: \u0130sili\u011fe kar\u015f\u0131 da etkilidir.<\/li>\n<\/ul>\n<div style=\"width: 800px;\" class=\"wp-video\"><video class=\"wp-video-shortcode\" id=\"video-13408-1\" width=\"800\" height=\"800\" poster=\"https:\/\/soapladyoludeniz.com\/soapladyshop\/wp-content\/uploads\/2025\/08\/Soap-Lady-Oludeniz-Zeytin-Yagi-Yesil-Sabunu.jpg\" preload=\"metadata\" controls=\"controls\"><source type=\"video\/mp4\" src=\"https:\/\/soapladyoludeniz.com\/soapladyshop\/wp-content\/uploads\/2025\/08\/Soap-Lady-Oludeniz-Zeytin-Yagi-Yesil-Sabunu-1.mp4?_=1\" \/><a href=\"https:\/\/soapladyoludeniz.com\/soapladyshop\/wp-content\/uploads\/2025\/08\/Soap-Lady-Oludeniz-Zeytin-Yagi-Yesil-Sabunu-1.mp4\">https:\/\/soapladyoludeniz.com\/soapladyshop\/wp-content\/uploads\/2025\/08\/Soap-Lady-Oludeniz-Zeytin-Yagi-Yesil-Sabunu-1.mp4<\/a><\/video><\/div>\n","protected":false},"excerpt":{"rendered":"<p>Ye\u015fil veya beyaz renkli zeytinya\u011f\u0131 sabunu, y\u00fczy\u0131llard\u0131r bir\u00e7ok faydal\u0131 \u00f6zelli\u011fe sahip oldu\u011fu bilinen geleneksel T\u00fcrk hamam sabunu olarak Soap Lady&#8217;nin bir ba\u015fka a\u00e7\u0131k ara kazanan\u0131d\u0131r. T\u00fcm sabunlar\u0131m\u0131zda do\u011fal zeytinya\u011f\u0131 bulunur ve antioksidan \u00f6zellikleriyle sa\u00e7\u0131 g\u00fc\u00e7lendirir, cildi yumu\u015fat\u0131r, kuru cildi rahatlat\u0131r ve canland\u0131r\u0131r. D\u00fczenli kullan\u0131ld\u0131\u011f\u0131nda sedef hastal\u0131\u011f\u0131, egzama ve akneyi \u00f6nlemeye yard\u0131mc\u0131 olur ve cilde sa\u011fl\u0131kl\u0131 bir \u0131\u015f\u0131lt\u0131 verir. Ayr\u0131ca, isilik tedavisinde de etkilidir. Genel olarak, bu sabun T\u00fcrkiye&#8217;den gelen, her cilt tipi i\u00e7in m\u00fckemmel bir sabundur ve bu y\u00fczden y\u00fczy\u0131llard\u0131r kullan\u0131lmaktad\u0131r!<\/p>\n","protected":false},"featured_media":14358,"comment_status":"open","ping_status":"closed","template":"","meta":[],"product_brand":[309],"product_cat":[263,281,305,182,293,317,261],"product_tag":[],"class_list":{"0":"post-13408","1":"product","2":"type-product","3":"status-publish","4":"has-post-thumbnail","6":"product_brand-soap-lady-oludeniz-tr","7":"product_cat-antioksidan","8":"product_cat-kepek-sabunu","9":"product_cat-potasyum","10":"product_cat-sabunlar","11":"product_cat-sac-dokulmesi-sac-grosh","12":"product_cat-scalp-soaps-tr","13":"product_cat-yaslanma-karsiti-kirisiklik","15":"first","16":"instock","17":"sale","18":"taxable","19":"shipping-taxable","20":"purchasable","21":"product-type-simple"},"yoast_head":"<!-- This site is optimized with the Yoast SEO Premium plugin v26.4 (Yoast SEO v27.1.1) - https:\/\/yoast.com\/product\/yoast-seo-premium-wordpress\/ -->\n<title>Zeytin Ya\u011f\u0131 (Ye\u015fil) Sabunu - SOAP LADY \u00d6L\u00dcDENIZ<\/title>\n<meta name=\"description\" content=\"Geleneksel Zeytin Ya\u011f\u0131 Sabunu (Ye\u015fil) ile cildinizi ve sa\u00e7lar\u0131n\u0131z\u0131 do\u011fal yollarla besleyin. Saf i\u00e7eri\u011fi sayesinde nemlendirici ve onar\u0131c\u0131 etki sunan el ...\" \/>\n<meta name=\"robots\" content=\"noindex, follow, max-snippet:-1, max-image-preview:large, max-video-preview:-1\" \/>\n<meta property=\"og:locale\" content=\"tr_TR\" \/>\n<meta property=\"og:type\" content=\"article\" \/>\n<meta property=\"og:title\" content=\"Zeytin Ya\u011f\u0131 (Ye\u015fil) Sabunu\" \/>\n<meta property=\"og:description\" content=\"Geleneksel Zeytin Ya\u011f\u0131 Sabunu (Ye\u015fil) ile cildinizi ve sa\u00e7lar\u0131n\u0131z\u0131 do\u011fal yollarla besleyin. Saf i\u00e7eri\u011fi sayesinde nemlendirici ve onar\u0131c\u0131 etki sunan el ...\" \/>\n<meta property=\"og:url\" content=\"https:\/\/soapladyoludeniz.com\/soapladyshop\/tr\/urun\/zeytin-yagi-yesil-sabunu\/\" \/>\n<meta property=\"og:site_name\" content=\"SOAP LADY \u00d6L\u00dcDENIZ\" \/>\n<meta property=\"article:publisher\" content=\"https:\/\/www.facebook.com\/soapladyoludenizz\" \/>\n<meta property=\"article:modified_time\" content=\"2025-10-30T13:26:18+00:00\" \/>\n<meta property=\"og:image\" content=\"https:\/\/soapladyoludeniz.com\/soapladyshop\/wp-content\/uploads\/2025\/02\/Soap-Lady-Oludeniz-Olive-Oil-Green-Soap-1.jpg\" \/>\n\t<meta property=\"og:image:width\" content=\"1080\" \/>\n\t<meta property=\"og:image:height\" content=\"1080\" \/>\n\t<meta property=\"og:image:type\" content=\"image\/jpeg\" \/>\n<meta name=\"twitter:card\" content=\"summary_large_image\" \/>\n<meta name=\"twitter:label1\" content=\"Fiyat\" \/>\n\t<meta name=\"twitter:data1\" content=\"&#8378;200,00\" \/>\n\t<meta name=\"twitter:label2\" content=\"Durumu\" \/>\n\t<meta name=\"twitter:data2\" content=\"Stokta var\" \/>\n<script type=\"application\/ld+json\" class=\"yoast-schema-graph\">{\"@context\":\"https:\/\/schema.org\",\"@graph\":[{\"@type\":\"WebPage\",\"@id\":\"https:\/\/soapladyoludeniz.com\/soapladyshop\/tr\/urun\/zeytin-yagi-yesil-sabunu\/\",\"url\":\"https:\/\/soapladyoludeniz.com\/soapladyshop\/tr\/urun\/zeytin-yagi-yesil-sabunu\/\",\"name\":\"Zeytin Ya\u011f\u0131 (Ye\u015fil) Sabunu - SOAP LADY \u00d6L\u00dcDENIZ\",\"isPartOf\":{\"@id\":\"https:\/\/soapladyoludeniz.com\/soapladyshop\/#website\"},\"primaryImageOfPage\":{\"@id\":\"https:\/\/soapladyoludeniz.com\/soapladyshop\/tr\/urun\/zeytin-yagi-yesil-sabunu\/#primaryimage\"},\"image\":{\"@id\":\"https:\/\/soapladyoludeniz.com\/soapladyshop\/tr\/urun\/zeytin-yagi-yesil-sabunu\/#primaryimage\"},\"thumbnailUrl\":\"https:\/\/soapladyoludeniz.com\/soapladyshop\/wp-content\/uploads\/2025\/02\/Soap-Lady-Oludeniz-Olive-Oil-Green-Soap-1.jpg\",\"datePublished\":\"2025-08-06T13:08:29+00:00\",\"dateModified\":\"2025-10-30T13:26:18+00:00\",\"description\":\"Geleneksel Zeytin Ya\u011f\u0131 Sabunu (Ye\u015fil) ile cildinizi ve sa\u00e7lar\u0131n\u0131z\u0131 do\u011fal yollarla besleyin. Saf i\u00e7eri\u011fi sayesinde nemlendirici ve onar\u0131c\u0131 etki sunan el ...\",\"breadcrumb\":{\"@id\":\"https:\/\/soapladyoludeniz.com\/soapladyshop\/tr\/urun\/zeytin-yagi-yesil-sabunu\/#breadcrumb\"},\"inLanguage\":\"tr\",\"potentialAction\":[{\"@type\":\"ReadAction\",\"target\":[\"https:\/\/soapladyoludeniz.com\/soapladyshop\/tr\/urun\/zeytin-yagi-yesil-sabunu\/\"]}]},{\"@type\":\"ImageObject\",\"inLanguage\":\"tr\",\"@id\":\"https:\/\/soapladyoludeniz.com\/soapladyshop\/tr\/urun\/zeytin-yagi-yesil-sabunu\/#primaryimage\",\"url\":\"https:\/\/soapladyoludeniz.com\/soapladyshop\/wp-content\/uploads\/2025\/02\/Soap-Lady-Oludeniz-Olive-Oil-Green-Soap-1.jpg\",\"contentUrl\":\"https:\/\/soapladyoludeniz.com\/soapladyshop\/wp-content\/uploads\/2025\/02\/Soap-Lady-Oludeniz-Olive-Oil-Green-Soap-1.jpg\",\"width\":1080,\"height\":1080,\"caption\":\"Soap Lady Oludeniz - Olive Oil (Green) Soap\"},{\"@type\":\"BreadcrumbList\",\"@id\":\"https:\/\/soapladyoludeniz.com\/soapladyshop\/tr\/urun\/zeytin-yagi-yesil-sabunu\/#breadcrumb\",\"itemListElement\":[{\"@type\":\"ListItem\",\"position\":1,\"name\":\"Anasayfa\",\"item\":\"https:\/\/soapladyoludeniz.com\/soapladyshop\/\"},{\"@type\":\"ListItem\",\"position\":2,\"name\":\"Shop\",\"item\":\"https:\/\/soapladyoludeniz.com\/soapladyshop\/shop\/\"},{\"@type\":\"ListItem\",\"position\":3,\"name\":\"Zeytin Ya\u011f\u0131 (Ye\u015fil) Sabunu\"}]},{\"@type\":\"WebSite\",\"@id\":\"https:\/\/soapladyoludeniz.com\/soapladyshop\/#website\",\"url\":\"https:\/\/soapladyoludeniz.com\/soapladyshop\/\",\"name\":\"SOAP LADY \u00d6L\u00dcDENIZ\",\"description\":\"TURKISH HANDMADE NATURAL SOAP\",\"publisher\":{\"@id\":\"https:\/\/soapladyoludeniz.com\/soapladyshop\/#organization\"},\"potentialAction\":[{\"@type\":\"SearchAction\",\"target\":{\"@type\":\"EntryPoint\",\"urlTemplate\":\"https:\/\/soapladyoludeniz.com\/soapladyshop\/?s={search_term_string}\"},\"query-input\":{\"@type\":\"PropertyValueSpecification\",\"valueRequired\":true,\"valueName\":\"search_term_string\"}}],\"inLanguage\":\"tr\"},{\"@type\":\"Organization\",\"@id\":\"https:\/\/soapladyoludeniz.com\/soapladyshop\/#organization\",\"name\":\"SOAP LADY \u00d6L\u00dcDENIZ\",\"url\":\"https:\/\/soapladyoludeniz.com\/soapladyshop\/\",\"logo\":{\"@type\":\"ImageObject\",\"inLanguage\":\"tr\",\"@id\":\"https:\/\/soapladyoludeniz.com\/soapladyshop\/#\/schema\/logo\/image\/\",\"url\":\"https:\/\/soapladyoludeniz.com\/soapladyshop\/wp-content\/uploads\/2025\/02\/cropped-soapladylogo.png\",\"contentUrl\":\"https:\/\/soapladyoludeniz.com\/soapladyshop\/wp-content\/uploads\/2025\/02\/cropped-soapladylogo.png\",\"width\":512,\"height\":512,\"caption\":\"SOAP LADY \u00d6L\u00dcDENIZ\"},\"image\":{\"@id\":\"https:\/\/soapladyoludeniz.com\/soapladyshop\/#\/schema\/logo\/image\/\"},\"sameAs\":[\"https:\/\/www.facebook.com\/soapladyoludenizz\",\"https:\/\/www.instagram.com\/soap_lady_oludeniz\"]}]}<\/script>\n<meta property=\"product:price:amount\" content=\"200.00\" \/>\n<meta property=\"product:price:currency\" content=\"TRY\" \/>\n<meta property=\"og:availability\" content=\"instock\" \/>\n<meta property=\"product:availability\" content=\"instock\" \/>\n<meta property=\"product:condition\" content=\"new\" \/>\n<!-- \/ Yoast SEO Premium plugin. -->","yoast_head_json":{"title":"Zeytin Ya\u011f\u0131 (Ye\u015fil) Sabunu - SOAP LADY \u00d6L\u00dcDENIZ","description":"Geleneksel Zeytin Ya\u011f\u0131 Sabunu (Ye\u015fil) ile cildinizi ve sa\u00e7lar\u0131n\u0131z\u0131 do\u011fal yollarla besleyin. Saf i\u00e7eri\u011fi sayesinde nemlendirici ve onar\u0131c\u0131 etki sunan el ...","robots":{"index":"noindex","follow":"follow","max-snippet":"max-snippet:-1","max-image-preview":"max-image-preview:large","max-video-preview":"max-video-preview:-1"},"og_locale":"tr_TR","og_type":"article","og_title":"Zeytin Ya\u011f\u0131 (Ye\u015fil) Sabunu","og_description":"Geleneksel Zeytin Ya\u011f\u0131 Sabunu (Ye\u015fil) ile cildinizi ve sa\u00e7lar\u0131n\u0131z\u0131 do\u011fal yollarla besleyin. Saf i\u00e7eri\u011fi sayesinde nemlendirici ve onar\u0131c\u0131 etki sunan el ...","og_url":"https:\/\/soapladyoludeniz.com\/soapladyshop\/tr\/urun\/zeytin-yagi-yesil-sabunu\/","og_site_name":"SOAP LADY \u00d6L\u00dcDENIZ","article_publisher":"https:\/\/www.facebook.com\/soapladyoludenizz","article_modified_time":"2025-10-30T13:26:18+00:00","og_image":[{"width":1080,"height":1080,"url":"https:\/\/soapladyoludeniz.com\/soapladyshop\/wp-content\/uploads\/2025\/02\/Soap-Lady-Oludeniz-Olive-Oil-Green-Soap-1.jpg","type":"image\/jpeg"}],"twitter_card":"summary_large_image","twitter_misc":{"Fiyat":"&#8378;200,00","Durumu":"Stokta var"},"schema":{"@context":"https:\/\/schema.org","@graph":[{"@type":"WebPage","@id":"https:\/\/soapladyoludeniz.com\/soapladyshop\/tr\/urun\/zeytin-yagi-yesil-sabunu\/","url":"https:\/\/soapladyoludeniz.com\/soapladyshop\/tr\/urun\/zeytin-yagi-yesil-sabunu\/","name":"Zeytin Ya\u011f\u0131 (Ye\u015fil) Sabunu - SOAP LADY \u00d6L\u00dcDENIZ","isPartOf":{"@id":"https:\/\/soapladyoludeniz.com\/soapladyshop\/#website"},"primaryImageOfPage":{"@id":"https:\/\/soapladyoludeniz.com\/soapladyshop\/tr\/urun\/zeytin-yagi-yesil-sabunu\/#primaryimage"},"image":{"@id":"https:\/\/soapladyoludeniz.com\/soapladyshop\/tr\/urun\/zeytin-yagi-yesil-sabunu\/#primaryimage"},"thumbnailUrl":"https:\/\/soapladyoludeniz.com\/soapladyshop\/wp-content\/uploads\/2025\/02\/Soap-Lady-Oludeniz-Olive-Oil-Green-Soap-1.jpg","datePublished":"2025-08-06T13:08:29+00:00","dateModified":"2025-10-30T13:26:18+00:00","description":"Geleneksel Zeytin Ya\u011f\u0131 Sabunu (Ye\u015fil) ile cildinizi ve sa\u00e7lar\u0131n\u0131z\u0131 do\u011fal yollarla besleyin. Saf i\u00e7eri\u011fi sayesinde nemlendirici ve onar\u0131c\u0131 etki sunan el ...","breadcrumb":{"@id":"https:\/\/soapladyoludeniz.com\/soapladyshop\/tr\/urun\/zeytin-yagi-yesil-sabunu\/#breadcrumb"},"inLanguage":"tr","potentialAction":[{"@type":"ReadAction","target":["https:\/\/soapladyoludeniz.com\/soapladyshop\/tr\/urun\/zeytin-yagi-yesil-sabunu\/"]}]},{"@type":"ImageObject","inLanguage":"tr","@id":"https:\/\/soapladyoludeniz.com\/soapladyshop\/tr\/urun\/zeytin-yagi-yesil-sabunu\/#primaryimage","url":"https:\/\/soapladyoludeniz.com\/soapladyshop\/wp-content\/uploads\/2025\/02\/Soap-Lady-Oludeniz-Olive-Oil-Green-Soap-1.jpg","contentUrl":"https:\/\/soapladyoludeniz.com\/soapladyshop\/wp-content\/uploads\/2025\/02\/Soap-Lady-Oludeniz-Olive-Oil-Green-Soap-1.jpg","width":1080,"height":1080,"caption":"Soap Lady Oludeniz - Olive Oil (Green) Soap"},{"@type":"BreadcrumbList","@id":"https:\/\/soapladyoludeniz.com\/soapladyshop\/tr\/urun\/zeytin-yagi-yesil-sabunu\/#breadcrumb","itemListElement":[{"@type":"ListItem","position":1,"name":"Anasayfa","item":"https:\/\/soapladyoludeniz.com\/soapladyshop\/"},{"@type":"ListItem","position":2,"name":"Shop","item":"https:\/\/soapladyoludeniz.com\/soapladyshop\/shop\/"},{"@type":"ListItem","position":3,"name":"Zeytin Ya\u011f\u0131 (Ye\u015fil) Sabunu"}]},{"@type":"WebSite","@id":"https:\/\/soapladyoludeniz.com\/soapladyshop\/#website","url":"https:\/\/soapladyoludeniz.com\/soapladyshop\/","name":"SOAP LADY \u00d6L\u00dcDENIZ","description":"TURKISH HANDMADE NATURAL SOAP","publisher":{"@id":"https:\/\/soapladyoludeniz.com\/soapladyshop\/#organization"},"potentialAction":[{"@type":"SearchAction","target":{"@type":"EntryPoint","urlTemplate":"https:\/\/soapladyoludeniz.com\/soapladyshop\/?s={search_term_string}"},"query-input":{"@type":"PropertyValueSpecification","valueRequired":true,"valueName":"search_term_string"}}],"inLanguage":"tr"},{"@type":"Organization","@id":"https:\/\/soapladyoludeniz.com\/soapladyshop\/#organization","name":"SOAP LADY \u00d6L\u00dcDENIZ","url":"https:\/\/soapladyoludeniz.com\/soapladyshop\/","logo":{"@type":"ImageObject","inLanguage":"tr","@id":"https:\/\/soapladyoludeniz.com\/soapladyshop\/#\/schema\/logo\/image\/","url":"https:\/\/soapladyoludeniz.com\/soapladyshop\/wp-content\/uploads\/2025\/02\/cropped-soapladylogo.png","contentUrl":"https:\/\/soapladyoludeniz.com\/soapladyshop\/wp-content\/uploads\/2025\/02\/cropped-soapladylogo.png","width":512,"height":512,"caption":"SOAP LADY \u00d6L\u00dcDENIZ"},"image":{"@id":"https:\/\/soapladyoludeniz.com\/soapladyshop\/#\/schema\/logo\/image\/"},"sameAs":["https:\/\/www.facebook.com\/soapladyoludenizz","https:\/\/www.instagram.com\/soap_lady_oludeniz"]}]},"product_price_amount":"200.00","product_price_currency":"TRY","og_availability":"instock","product_availability":"instock","product_condition":"new"},"_links":{"self":[{"href":"https:\/\/soapladyoludeniz.com\/soapladyshop\/wp-json\/wp\/v2\/product\/13408","targetHints":{"allow":["GET"]}}],"collection":[{"href":"https:\/\/soapladyoludeniz.com\/soapladyshop\/wp-json\/wp\/v2\/product"}],"about":[{"href":"https:\/\/soapladyoludeniz.com\/soapladyshop\/wp-json\/wp\/v2\/types\/product"}],"replies":[{"embeddable":true,"href":"https:\/\/soapladyoludeniz.com\/soapladyshop\/wp-json\/wp\/v2\/comments?post=13408"}],"version-history":[{"count":5,"href":"https:\/\/soapladyoludeniz.com\/soapladyshop\/wp-json\/wp\/v2\/product\/13408\/revisions"}],"predecessor-version":[{"id":13706,"href":"https:\/\/soapladyoludeniz.com\/soapladyshop\/wp-json\/wp\/v2\/product\/13408\/revisions\/13706"}],"wp:featuredmedia":[{"embeddable":true,"href":"https:\/\/soapladyoludeniz.com\/soapladyshop\/wp-json\/wp\/v2\/media\/14358"}],"wp:attachment":[{"href":"https:\/\/soapladyoludeniz.com\/soapladyshop\/wp-json\/wp\/v2\/media?parent=13408"}],"wp:term":[{"taxonomy":"product_brand","embeddable":true,"href":"https:\/\/soapladyoludeniz.com\/soapladyshop\/wp-json\/wp\/v2\/product_brand?post=13408"},{"taxonomy":"product_cat","embeddable":true,"href":"https:\/\/soapladyoludeniz.com\/soapladyshop\/wp-json\/wp\/v2\/product_cat?post=13408"},{"taxonomy":"product_tag","embeddable":true,"href":"https:\/\/soapladyoludeniz.com\/soapladyshop\/wp-json\/wp\/v2\/product_tag?post=13408"}],"curies":[{"name":"wp","href":"https:\/\/api.w.org\/{rel}","templated":true}]}}