{"id":13310,"date":"2025-08-06T14:49:44","date_gmt":"2025-08-06T11:49:44","guid":{"rendered":"https:\/\/soapladyoludeniz.com\/soapladyshop\/?page_id=13310"},"modified":"2025-10-08T18:26:24","modified_gmt":"2025-10-08T15:26:24","slug":"sabunumuzun-faydalari","status":"publish","type":"page","link":"https:\/\/soapladyoludeniz.com\/soapladyshop\/tr\/sabunumuzun-faydalari\/","title":{"rendered":"Sabunumuzun Faydalar\u0131"},"content":{"rendered":"<style>.elementor-13310 .elementor-element.elementor-element-0b01e4a{--display:flex;--flex-direction:column;--container-widget-width:100%;--container-widget-height:initial;--container-widget-flex-grow:0;--container-widget-align-self:initial;--flex-wrap-mobile:wrap;}<\/style>\t\t<div data-elementor-type=\"wp-page\" data-elementor-id=\"13310\" class=\"elementor elementor-13310\" data-elementor-post-type=\"page\">\n\t\t\t\t<div class=\"elementor-element elementor-element-0b01e4a e-flex e-con-boxed e-con e-parent\" data-id=\"0b01e4a\" data-element_type=\"container\" data-e-type=\"container\">\n\t\t\t\t\t<div class=\"e-con-inner\">\n\t\t\t\t<div class=\"elementor-element elementor-element-0ca08c8 elementor-widget elementor-widget-text-editor\" data-id=\"0ca08c8\" data-element_type=\"widget\" data-e-type=\"widget\" data-widget_type=\"text-editor.default\">\n\t\t\t\t<div class=\"elementor-widget-container\">\n\t\t\t\t\t\t\t\t\t<p>\u201cSabunlar\u0131n Faydalar\u0131\u201dna ho\u015f geldiniz. Belirli cilt sorunlar\u0131na iyi gelen sabunlar\u0131 bulman\u0131za yard\u0131mc\u0131 olmak i\u00e7in bu yeni arama \u00f6zelli\u011fini kullan\u0131ma sunduk.<\/p><p>\u00c7e\u015fitli cilt sorunlar\u0131n\u0131 listeleyen a\u00e7\u0131l\u0131r men\u00fcy\u00fc inceleyin ve men\u00fcdeki her bir sat\u0131r\u0131 t\u0131klayarak cilt sorunlar\u0131n\u0131 detayl\u0131 olarak inceleyin. Ard\u0131ndan, size \u00f6nerdi\u011fimiz sabunlar listelenecektir.<\/p><p>\u201cSabun Ma\u011fazas\u0131\u201d sayfas\u0131nda oldu\u011fu gibi, belirli bir sabunu t\u0131klaman\u0131z yeterlidir; sabunun neye iyi geldi\u011fine dair daha ayr\u0131nt\u0131l\u0131 bilgi alabilirsiniz. \u0130sterseniz bu sayfadan al\u0131\u015fveri\u015f yapabilir ve sepetinize ekleyebilirsiniz.<\/p><p>Ayr\u0131ca, arama \u00f6zelli\u011fine kendi kelimelerinizi ekleyebilirsiniz, \u00f6rne\u011fin \u201cegzama\u201d yazarsan\u0131z, egzama i\u00e7in \u00f6nerdi\u011fimiz sabunlar\u0131n sonu\u00e7lar\u0131 g\u00f6r\u00fcnt\u00fclenir.<\/p><p>Son olarak, Soap Lady Oludeniz olarak, denemek i\u00e7in sabun se\u00e7erken cildiniz i\u00e7in en iyisini se\u00e7meniz bizim i\u00e7in \u00e7ok \u00f6nemlidir! Bu nedenle, emin de\u011filseniz ve yard\u0131m\u0131m\u0131z\u0131 istiyorsan\u0131z, <a href=\"mailto:orders@soapladyoludeniz.com\" target=\"_blank\" rel=\"noopener\">orders@soapladyoludeniz.com<\/a> adresinden veya Facebook sayfam\u0131zdan bize ula\u015fman\u0131z\u0131 \u00f6neririz. Size h\u0131zl\u0131 bir \u015fekilde yan\u0131t verip do\u011fru y\u00f6nlendirme yapaca\u011f\u0131z. M\u00fc\u015fterilerimizin \u00e7o\u011fu, \u00f6zellikle ilk kez al\u0131\u015fveri\u015f yapanlar, bu y\u00f6ntemi tercih etmektedir.<\/p>\t\t\t\t\t\t\t\t<\/div>\n\t\t\t\t<\/div>\n\t\t\t\t\t<\/div>\n\t\t\t\t<\/div>\n\t\t\t\t<\/div>\n\t\t","protected":false},"excerpt":{"rendered":"<p>Soap Lady \u00d6l\u00fcdeniz&#8217;in do\u011fal ve el yap\u0131m\u0131 sabunlar\u0131n\u0131n cildiniz ve sa\u00e7\u0131n\u0131z \u00fczerindeki t\u00fcm faydalar\u0131n\u0131 ke\u015ffedin. Bitkisel i\u00e7eriklerin sa\u011fl\u0131kl\u0131 etkilerini \u00f6\u011frenin.<\/p>\n","protected":false},"author":515,"featured_media":0,"parent":0,"menu_order":0,"comment_status":"closed","ping_status":"closed","template":"elementor_header_footer","meta":{"footnotes":""},"class_list":["post-13310","page","type-page","status-publish","hentry"],"yoast_head":"<!-- This site is optimized with the Yoast SEO Premium plugin v26.4 (Yoast SEO v27.1.1) - https:\/\/yoast.com\/product\/yoast-seo-premium-wordpress\/ -->\n<title>Sabunumuzun Faydalar\u0131 - SOAP LADY \u00d6L\u00dcDENIZ<\/title>\n<meta name=\"robots\" content=\"noindex, follow, max-snippet:-1, max-image-preview:large, max-video-preview:-1\" \/>\n<meta property=\"og:locale\" content=\"tr_TR\" \/>\n<meta property=\"og:type\" content=\"article\" \/>\n<meta property=\"og:title\" content=\"Sabunumuzun Faydalar\u0131\" \/>\n<meta property=\"og:description\" content=\"Soap Lady \u00d6l\u00fcdeniz&#039;in do\u011fal ve el yap\u0131m\u0131 sabunlar\u0131n\u0131n cildiniz ve sa\u00e7\u0131n\u0131z \u00fczerindeki t\u00fcm faydalar\u0131n\u0131 ke\u015ffedin. Bitkisel i\u00e7eriklerin sa\u011fl\u0131kl\u0131 etkilerini \u00f6\u011frenin.\" \/>\n<meta property=\"og:url\" content=\"https:\/\/soapladyoludeniz.com\/soapladyshop\/tr\/sabunumuzun-faydalari\/\" \/>\n<meta property=\"og:site_name\" content=\"SOAP LADY \u00d6L\u00dcDENIZ\" \/>\n<meta property=\"article:publisher\" content=\"https:\/\/www.facebook.com\/soapladyoludenizz\" \/>\n<meta property=\"article:modified_time\" content=\"2025-10-08T15:26:24+00:00\" \/>\n<meta property=\"og:image\" content=\"https:\/\/soapladyoludeniz.com\/soapladyshop\/wp-content\/uploads\/2025\/02\/cropped-soapladylogo.png\" \/>\n\t<meta property=\"og:image:width\" content=\"512\" \/>\n\t<meta property=\"og:image:height\" content=\"512\" \/>\n\t<meta property=\"og:image:type\" content=\"image\/png\" \/>\n<meta name=\"twitter:card\" content=\"summary_large_image\" \/>\n<meta name=\"twitter:label1\" content=\"Tahmini okuma s\u00fcresi\" \/>\n\t<meta name=\"twitter:data1\" content=\"1 dakika\" \/>\n<script type=\"application\/ld+json\" class=\"yoast-schema-graph\">{\"@context\":\"https:\/\/schema.org\",\"@graph\":[{\"@type\":\"WebPage\",\"@id\":\"https:\/\/soapladyoludeniz.com\/soapladyshop\/tr\/sabunumuzun-faydalari\/\",\"url\":\"https:\/\/soapladyoludeniz.com\/soapladyshop\/tr\/sabunumuzun-faydalari\/\",\"name\":\"Sabunumuzun Faydalar\u0131 - SOAP LADY \u00d6L\u00dcDENIZ\",\"isPartOf\":{\"@id\":\"https:\/\/soapladyoludeniz.com\/soapladyshop\/#website\"},\"datePublished\":\"2025-08-06T11:49:44+00:00\",\"dateModified\":\"2025-10-08T15:26:24+00:00\",\"breadcrumb\":{\"@id\":\"https:\/\/soapladyoludeniz.com\/soapladyshop\/tr\/sabunumuzun-faydalari\/#breadcrumb\"},\"inLanguage\":\"tr\",\"potentialAction\":[{\"@type\":\"ReadAction\",\"target\":[\"https:\/\/soapladyoludeniz.com\/soapladyshop\/tr\/sabunumuzun-faydalari\/\"]}]},{\"@type\":\"BreadcrumbList\",\"@id\":\"https:\/\/soapladyoludeniz.com\/soapladyshop\/tr\/sabunumuzun-faydalari\/#breadcrumb\",\"itemListElement\":[{\"@type\":\"ListItem\",\"position\":1,\"name\":\"Anasayfa\",\"item\":\"https:\/\/soapladyoludeniz.com\/soapladyshop\/\"},{\"@type\":\"ListItem\",\"position\":2,\"name\":\"Sabunumuzun Faydalar\u0131\"}]},{\"@type\":\"WebSite\",\"@id\":\"https:\/\/soapladyoludeniz.com\/soapladyshop\/#website\",\"url\":\"https:\/\/soapladyoludeniz.com\/soapladyshop\/\",\"name\":\"SOAP LADY \u00d6L\u00dcDENIZ\",\"description\":\"TURKISH HANDMADE NATURAL SOAP\",\"publisher\":{\"@id\":\"https:\/\/soapladyoludeniz.com\/soapladyshop\/#organization\"},\"potentialAction\":[{\"@type\":\"SearchAction\",\"target\":{\"@type\":\"EntryPoint\",\"urlTemplate\":\"https:\/\/soapladyoludeniz.com\/soapladyshop\/?s={search_term_string}\"},\"query-input\":{\"@type\":\"PropertyValueSpecification\",\"valueRequired\":true,\"valueName\":\"search_term_string\"}}],\"inLanguage\":\"tr\"},{\"@type\":\"Organization\",\"@id\":\"https:\/\/soapladyoludeniz.com\/soapladyshop\/#organization\",\"name\":\"SOAP LADY \u00d6L\u00dcDENIZ\",\"url\":\"https:\/\/soapladyoludeniz.com\/soapladyshop\/\",\"logo\":{\"@type\":\"ImageObject\",\"inLanguage\":\"tr\",\"@id\":\"https:\/\/soapladyoludeniz.com\/soapladyshop\/#\/schema\/logo\/image\/\",\"url\":\"https:\/\/soapladyoludeniz.com\/soapladyshop\/wp-content\/uploads\/2025\/02\/cropped-soapladylogo.png\",\"contentUrl\":\"https:\/\/soapladyoludeniz.com\/soapladyshop\/wp-content\/uploads\/2025\/02\/cropped-soapladylogo.png\",\"width\":512,\"height\":512,\"caption\":\"SOAP LADY \u00d6L\u00dcDENIZ\"},\"image\":{\"@id\":\"https:\/\/soapladyoludeniz.com\/soapladyshop\/#\/schema\/logo\/image\/\"},\"sameAs\":[\"https:\/\/www.facebook.com\/soapladyoludenizz\",\"https:\/\/www.instagram.com\/soap_lady_oludeniz\"]}]}<\/script>\n<!-- \/ Yoast SEO Premium plugin. -->","yoast_head_json":{"title":"Sabunumuzun Faydalar\u0131 - SOAP LADY \u00d6L\u00dcDENIZ","robots":{"index":"noindex","follow":"follow","max-snippet":"max-snippet:-1","max-image-preview":"max-image-preview:large","max-video-preview":"max-video-preview:-1"},"og_locale":"tr_TR","og_type":"article","og_title":"Sabunumuzun Faydalar\u0131","og_description":"Soap Lady \u00d6l\u00fcdeniz'in do\u011fal ve el yap\u0131m\u0131 sabunlar\u0131n\u0131n cildiniz ve sa\u00e7\u0131n\u0131z \u00fczerindeki t\u00fcm faydalar\u0131n\u0131 ke\u015ffedin. Bitkisel i\u00e7eriklerin sa\u011fl\u0131kl\u0131 etkilerini \u00f6\u011frenin.","og_url":"https:\/\/soapladyoludeniz.com\/soapladyshop\/tr\/sabunumuzun-faydalari\/","og_site_name":"SOAP LADY \u00d6L\u00dcDENIZ","article_publisher":"https:\/\/www.facebook.com\/soapladyoludenizz","article_modified_time":"2025-10-08T15:26:24+00:00","og_image":[{"width":512,"height":512,"url":"https:\/\/soapladyoludeniz.com\/soapladyshop\/wp-content\/uploads\/2025\/02\/cropped-soapladylogo.png","type":"image\/png"}],"twitter_card":"summary_large_image","twitter_misc":{"Tahmini okuma s\u00fcresi":"1 dakika"},"schema":{"@context":"https:\/\/schema.org","@graph":[{"@type":"WebPage","@id":"https:\/\/soapladyoludeniz.com\/soapladyshop\/tr\/sabunumuzun-faydalari\/","url":"https:\/\/soapladyoludeniz.com\/soapladyshop\/tr\/sabunumuzun-faydalari\/","name":"Sabunumuzun Faydalar\u0131 - SOAP LADY \u00d6L\u00dcDENIZ","isPartOf":{"@id":"https:\/\/soapladyoludeniz.com\/soapladyshop\/#website"},"datePublished":"2025-08-06T11:49:44+00:00","dateModified":"2025-10-08T15:26:24+00:00","breadcrumb":{"@id":"https:\/\/soapladyoludeniz.com\/soapladyshop\/tr\/sabunumuzun-faydalari\/#breadcrumb"},"inLanguage":"tr","potentialAction":[{"@type":"ReadAction","target":["https:\/\/soapladyoludeniz.com\/soapladyshop\/tr\/sabunumuzun-faydalari\/"]}]},{"@type":"BreadcrumbList","@id":"https:\/\/soapladyoludeniz.com\/soapladyshop\/tr\/sabunumuzun-faydalari\/#breadcrumb","itemListElement":[{"@type":"ListItem","position":1,"name":"Anasayfa","item":"https:\/\/soapladyoludeniz.com\/soapladyshop\/"},{"@type":"ListItem","position":2,"name":"Sabunumuzun Faydalar\u0131"}]},{"@type":"WebSite","@id":"https:\/\/soapladyoludeniz.com\/soapladyshop\/#website","url":"https:\/\/soapladyoludeniz.com\/soapladyshop\/","name":"SOAP LADY \u00d6L\u00dcDENIZ","description":"TURKISH HANDMADE NATURAL SOAP","publisher":{"@id":"https:\/\/soapladyoludeniz.com\/soapladyshop\/#organization"},"potentialAction":[{"@type":"SearchAction","target":{"@type":"EntryPoint","urlTemplate":"https:\/\/soapladyoludeniz.com\/soapladyshop\/?s={search_term_string}"},"query-input":{"@type":"PropertyValueSpecification","valueRequired":true,"valueName":"search_term_string"}}],"inLanguage":"tr"},{"@type":"Organization","@id":"https:\/\/soapladyoludeniz.com\/soapladyshop\/#organization","name":"SOAP LADY \u00d6L\u00dcDENIZ","url":"https:\/\/soapladyoludeniz.com\/soapladyshop\/","logo":{"@type":"ImageObject","inLanguage":"tr","@id":"https:\/\/soapladyoludeniz.com\/soapladyshop\/#\/schema\/logo\/image\/","url":"https:\/\/soapladyoludeniz.com\/soapladyshop\/wp-content\/uploads\/2025\/02\/cropped-soapladylogo.png","contentUrl":"https:\/\/soapladyoludeniz.com\/soapladyshop\/wp-content\/uploads\/2025\/02\/cropped-soapladylogo.png","width":512,"height":512,"caption":"SOAP LADY \u00d6L\u00dcDENIZ"},"image":{"@id":"https:\/\/soapladyoludeniz.com\/soapladyshop\/#\/schema\/logo\/image\/"},"sameAs":["https:\/\/www.facebook.com\/soapladyoludenizz","https:\/\/www.instagram.com\/soap_lady_oludeniz"]}]}},"_links":{"self":[{"href":"https:\/\/soapladyoludeniz.com\/soapladyshop\/wp-json\/wp\/v2\/pages\/13310","targetHints":{"allow":["GET"]}}],"collection":[{"href":"https:\/\/soapladyoludeniz.com\/soapladyshop\/wp-json\/wp\/v2\/pages"}],"about":[{"href":"https:\/\/soapladyoludeniz.com\/soapladyshop\/wp-json\/wp\/v2\/types\/page"}],"author":[{"embeddable":true,"href":"https:\/\/soapladyoludeniz.com\/soapladyshop\/wp-json\/wp\/v2\/users\/515"}],"replies":[{"embeddable":true,"href":"https:\/\/soapladyoludeniz.com\/soapladyshop\/wp-json\/wp\/v2\/comments?post=13310"}],"version-history":[{"count":8,"href":"https:\/\/soapladyoludeniz.com\/soapladyshop\/wp-json\/wp\/v2\/pages\/13310\/revisions"}],"predecessor-version":[{"id":14225,"href":"https:\/\/soapladyoludeniz.com\/soapladyshop\/wp-json\/wp\/v2\/pages\/13310\/revisions\/14225"}],"wp:attachment":[{"href":"https:\/\/soapladyoludeniz.com\/soapladyshop\/wp-json\/wp\/v2\/media?parent=13310"}],"curies":[{"name":"wp","href":"https:\/\/api.w.org\/{rel}","templated":true}]}}