{"id":13273,"date":"2025-08-06T13:32:58","date_gmt":"2025-08-06T10:32:58","guid":{"rendered":"https:\/\/soapladyoludeniz.com\/soapladyshop\/?page_id=13273"},"modified":"2025-10-08T19:08:20","modified_gmt":"2025-10-08T16:08:20","slug":"turkiye-el-yapimi-sabunlarimiz-hakkinda","status":"publish","type":"page","link":"https:\/\/soapladyoludeniz.com\/soapladyshop\/tr\/turkiye-el-yapimi-sabunlarimiz-hakkinda\/","title":{"rendered":"T\u00fcrkiye El Yap\u0131m\u0131 Sabunlar\u0131m\u0131z Hakk\u0131nda"},"content":{"rendered":"<style>.elementor-13273 .elementor-element.elementor-element-14b1aed{--display:grid;--e-con-grid-template-columns:repeat(3, 1fr);--e-con-grid-template-rows:repeat(1, 1fr);--grid-auto-flow:row;}.elementor-13273 .elementor-element.elementor-element-c432a14 img{width:100%;height:366px;}.elementor-13273 .elementor-element.elementor-element-893b9e9 img{width:100%;height:366px;}.elementor-13273 .elementor-element.elementor-element-49fa933{--display:flex;--flex-direction:column;--container-widget-width:100%;--container-widget-height:initial;--container-widget-flex-grow:0;--container-widget-align-self:initial;--flex-wrap-mobile:wrap;}@media(max-width:1024px){.elementor-13273 .elementor-element.elementor-element-14b1aed{--grid-auto-flow:row;}}@media(max-width:767px){.elementor-13273 .elementor-element.elementor-element-14b1aed{--e-con-grid-template-columns:repeat(1, 1fr);--e-con-grid-template-rows:repeat(1, 1fr);--grid-auto-flow:row;}}<\/style>\t\t<div data-elementor-type=\"wp-page\" data-elementor-id=\"13273\" class=\"elementor elementor-13273\" data-elementor-post-type=\"page\">\n\t\t\t\t<div class=\"elementor-element elementor-element-14b1aed e-grid e-con-boxed e-con e-parent\" data-id=\"14b1aed\" data-element_type=\"container\" data-e-type=\"container\">\n\t\t\t\t\t<div class=\"e-con-inner\">\n\t\t\t\t<div class=\"elementor-element elementor-element-bc88b8f elementor-widget elementor-widget-image\" data-id=\"bc88b8f\" data-element_type=\"widget\" data-e-type=\"widget\" data-widget_type=\"image.default\">\n\t\t\t\t<div class=\"elementor-widget-container\">\n\t\t\t\t\t\t\t\t\t\t\t\t\t\t\t<img fetchpriority=\"high\" decoding=\"async\" width=\"600\" height=\"600\" src=\"https:\/\/soapladyoludeniz.com\/soapladyshop\/wp-content\/uploads\/2025\/02\/About-Soaplady-Oludeniz-soaps-600x600-1.jpg\" class=\"attachment-large size-large wp-image-12564\" alt=\"About-Soap-Lady-Oludeniz-Soaps\" srcset=\"https:\/\/soapladyoludeniz.com\/soapladyshop\/wp-content\/uploads\/2025\/02\/About-Soaplady-Oludeniz-soaps-600x600-1.jpg 600w, https:\/\/soapladyoludeniz.com\/soapladyshop\/wp-content\/uploads\/2025\/02\/About-Soaplady-Oludeniz-soaps-600x600-1-100x100.jpg 100w, https:\/\/soapladyoludeniz.com\/soapladyshop\/wp-content\/uploads\/2025\/02\/About-Soaplady-Oludeniz-soaps-600x600-1-300x300.jpg 300w, https:\/\/soapladyoludeniz.com\/soapladyshop\/wp-content\/uploads\/2025\/02\/About-Soaplady-Oludeniz-soaps-600x600-1-150x150.jpg 150w\" sizes=\"(max-width: 600px) 100vw, 600px\" \/>\t\t\t\t\t\t\t\t\t\t\t\t\t\t\t<\/div>\n\t\t\t\t<\/div>\n\t\t\t\t<div class=\"elementor-element elementor-element-c432a14 elementor-widget elementor-widget-image\" data-id=\"c432a14\" data-element_type=\"widget\" data-e-type=\"widget\" data-widget_type=\"image.default\">\n\t\t\t\t<div class=\"elementor-widget-container\">\n\t\t\t\t\t\t\t\t\t\t\t\t\t\t\t<img decoding=\"async\" width=\"400\" height=\"252\" src=\"https:\/\/soapladyoludeniz.com\/soapladyshop\/wp-content\/uploads\/2025\/02\/About-Soaplady-Oludeniz-soaps1.jpg\" class=\"attachment-large size-large wp-image-12565\" alt=\"About-Soap-Lady-Oludeniz-Soaps\" srcset=\"https:\/\/soapladyoludeniz.com\/soapladyshop\/wp-content\/uploads\/2025\/02\/About-Soaplady-Oludeniz-soaps1.jpg 400w, https:\/\/soapladyoludeniz.com\/soapladyshop\/wp-content\/uploads\/2025\/02\/About-Soaplady-Oludeniz-soaps1-300x189.jpg 300w\" sizes=\"(max-width: 400px) 100vw, 400px\" \/>\t\t\t\t\t\t\t\t\t\t\t\t\t\t\t<\/div>\n\t\t\t\t<\/div>\n\t\t\t\t<div class=\"elementor-element elementor-element-893b9e9 elementor-widget elementor-widget-image\" data-id=\"893b9e9\" data-element_type=\"widget\" data-e-type=\"widget\" data-widget_type=\"image.default\">\n\t\t\t\t<div class=\"elementor-widget-container\">\n\t\t\t\t\t\t\t\t\t\t\t\t\t\t\t<img decoding=\"async\" width=\"400\" height=\"300\" src=\"https:\/\/soapladyoludeniz.com\/soapladyshop\/wp-content\/uploads\/2025\/02\/SOAP-LADY-OLUDENIZ-About-us1.jpg\" class=\"attachment-large size-large wp-image-12557\" alt=\"SOAP-LADY-OLUDENIZ-About-us\" srcset=\"https:\/\/soapladyoludeniz.com\/soapladyshop\/wp-content\/uploads\/2025\/02\/SOAP-LADY-OLUDENIZ-About-us1.jpg 400w, https:\/\/soapladyoludeniz.com\/soapladyshop\/wp-content\/uploads\/2025\/02\/SOAP-LADY-OLUDENIZ-About-us1-300x225.jpg 300w\" sizes=\"(max-width: 400px) 100vw, 400px\" \/>\t\t\t\t\t\t\t\t\t\t\t\t\t\t\t<\/div>\n\t\t\t\t<\/div>\n\t\t\t\t\t<\/div>\n\t\t\t\t<\/div>\n\t\t<div class=\"elementor-element elementor-element-49fa933 e-flex e-con-boxed e-con e-parent\" data-id=\"49fa933\" data-element_type=\"container\" data-e-type=\"container\">\n\t\t\t\t\t<div class=\"e-con-inner\">\n\t\t\t\t<div class=\"elementor-element elementor-element-1b784f5 elementor-widget elementor-widget-text-editor\" data-id=\"1b784f5\" data-element_type=\"widget\" data-e-type=\"widget\" data-widget_type=\"text-editor.default\">\n\t\t\t\t<div class=\"elementor-widget-container\">\n\t\t\t\t\t\t\t\t\t<p>T\u00fcm el yap\u0131m\u0131 T\u00fcrkiye sabunlar\u0131m\u0131z paraben ve sodyum lauril s\u00fclfat (SLS) i\u00e7ermez ve hayvanlar \u00fczerinde test edilmeden ve hayvansal ya\u011flar kullan\u0131lmadan \u00fcretilir. Her biri yakla\u015f\u0131k 100 gram a\u011f\u0131rl\u0131\u011f\u0131ndaki sabunlar\u0131m\u0131z, her sabuna \u00f6zg\u00fc do\u011fal ya\u011flar\u0131n yan\u0131 s\u0131ra zeytinya\u011f\u0131 i\u00e7erir ve benzersiz ve hafif kokular\u0131 ile pop\u00fclerlikleri giderek artmaktad\u0131r.<\/p><p>Sabun ararken ve sat\u0131n al\u0131rken, size en uygun sabunu se\u00e7ebilmeniz hem sizin hem de bizim i\u00e7in \u00f6nemlidir. Bu, \u00f6zellikle cilt sorunlar\u0131n\u0131n tedavisinde ge\u00e7erlidir. Yeni \u00f6zelli\u011fimiz olan \u201c<a href=\"https:\/\/soapladyoludeniz.com\/soapladyshop\/tr\/sabunumuzun-faydalari\/\">Sabunun Faydalar<\/a>\u0131\u201dna g\u00f6z atarak, belirledi\u011fimiz kategoriler i\u00e7inde size en uygun sabunun \u00f6nerilip \u00f6nerilmedi\u011fini g\u00f6rebilirsiniz. Alternatif olarak, anahtar kelimeleri girebilece\u011finiz arama \u00f6zelli\u011fini kullanarak hangi sabunlar\u0131n \u00f6nerildi\u011fini g\u00f6rebilirsiniz.<\/p><p>Se\u00e7ti\u011finiz sabun foto\u011fraf\u0131na t\u0131klay\u0131n, a\u015fa\u011f\u0131 kayd\u0131r\u0131n ve ihtiyac\u0131n\u0131z olan t\u00fcm bilgileri ve o sabunun faydalar\u0131n\u0131 g\u00f6r\u00fcn. \u00d6nemli olan, emin olmad\u0131\u011f\u0131n\u0131z durumlarda e-posta ile <a href=\"https:\/\/soapladyoludeniz.com\/soapladyshop\/tr\/iletisim\/\">Bize Ula\u015f\u0131n<\/a>&#8216;dan \u00e7ekinmeyin, Soap Lady olarak size \u00f6nerilerde bulunmak i\u00e7in elimizden geleni yapaca\u011f\u0131z. Yorumlar ba\u011flant\u0131s\u0131n\u0131 da inceleyin ve di\u011fer Soap Lady m\u00fc\u015fterilerinin sabunlar\u0131m\u0131z\u0131n faydalar\u0131, \u00e7evrimi\u00e7i al\u0131\u015fveri\u015f deneyimleri ve m\u00fc\u015fterilerimize sundu\u011fumuz genel hizmetler konusunda neyi be\u011fendiklerini \u00f6\u011frenin.<\/p><p>Sabunlar\u0131m\u0131z el yap\u0131m\u0131 oldu\u011fu i\u00e7in, sabun renginin partiden partiye ve ayr\u0131ca web sitemizde g\u00f6rd\u00fc\u011f\u00fcn\u00fcz renkten zaman zaman farkl\u0131l\u0131k g\u00f6sterebilece\u011fi durumlar olabilir. Bu durum, gliserin ilavesi ile yeni partiler \u00fcretti\u011fimizde de ortaya \u00e7\u0131kar ve bu nedenle sabun, m\u00fc\u015fterinin web sitesinde g\u00f6rd\u00fc\u011f\u00fcne k\u0131yasla biraz farkl\u0131 ve \u00e7ekici bir g\u00f6r\u00fcn\u00fcme sahip olabilir. Endi\u015felenmeyin, bu normaldir ve sabunun ayn\u0131 faydalar\u0131 kal\u0131r! M\u00fcmk\u00fcn oldu\u011funca, sabununuzu kulland\u0131ktan sonra ve \u00f6mr\u00fcn\u00fc uzatmak i\u00e7in sabunu kuru bir sabunlukta, \u00f6zellikle ah\u015fap olanlarda saklay\u0131n, \u00e7\u00fcnk\u00fc bu \u00f6zellikle iyidir ve suya bat\u0131rmay\u0131n.<\/p><p>\u00d6nemli Not: <a href=\"https:\/\/soapladyoludeniz.com\/soapladyshop\/tr\/nakliye-masraflari\/\">Nakliye masraflar\u0131<\/a>, \u00f6deme i\u015flemine ge\u00e7ildi\u011finde eklenir. Nakliye masraf\u0131, sat\u0131n al\u0131nan sabun say\u0131s\u0131na ve sipari\u015fin d\u00fcnyan\u0131n hangi b\u00f6lgesine g\u00f6nderilece\u011fine ba\u011fl\u0131d\u0131r. L\u00fctfen sipari\u015f ba\u015f\u0131na sat\u0131n al\u0131nabilecek maksimum sabun say\u0131s\u0131n\u0131n 17 adet oldu\u011funu unutmay\u0131n. G\u00f6nderilen her sipari\u015fin a\u011f\u0131rl\u0131\u011f\u0131 2 kg&#8217;\u0131 ge\u00e7meyecektir. M\u00fc\u015fteri bu miktarlar\u0131 a\u015fmak isterse, gerekli d\u00fczenlemeleri yapabilmemiz ve nakliye \u00fccretleri hakk\u0131nda bilgi verebilmemiz i\u00e7in bizimle e-posta yoluyla ileti\u015fime ge\u00e7melidir. Daha fazla bilgi i\u00e7in l\u00fctfen<a href=\"https:\/\/soapladyoludeniz.com\/soapladyshop\/tr\/sartlar-ve-kosullar\/\"> \u015eartlar ve Ko\u015fullar<\/a>&#8216;a bak\u0131n.<\/p><p>Soap Lady \u0130pucu: Ailenizi veya arkada\u015flar\u0131n\u0131z\u0131 \u00fcr\u00fcnlerimizi denemeye ve ne kadar iyi olduklar\u0131n\u0131 anlamaya te\u015fvik etmek her zaman faydal\u0131d\u0131r. Toplu sipari\u015fler giderek daha pop\u00fcler hale gelmektedir.<\/p><p>D\u00fcnya \u00e7ap\u0131nda kargo fiyatlar\u0131n\u0131n t\u00fcm ayr\u0131nt\u0131lar\u0131 ve 2 kg&#8217;\u0131 ge\u00e7meyen a\u011f\u0131rl\u0131klar i\u00e7in l\u00fctfen <a href=\"https:\/\/soapladyoludeniz.com\/soapladyshop\/tr\/nakliye-masraflari\/\">Nakliye Maliyetleri<\/a> b\u00f6l\u00fcm\u00fcne bak\u0131n.<\/p>\t\t\t\t\t\t\t\t<\/div>\n\t\t\t\t<\/div>\n\t\t\t\t\t<\/div>\n\t\t\t\t<\/div>\n\t\t\t\t<\/div>\n\t\t","protected":false},"excerpt":{"rendered":"<p>T\u00fcrkiye&#8217;de el yap\u0131m\u0131 \u00fcretilen zeytinya\u011f\u0131 bazl\u0131 sabunlar\u0131m\u0131z\u0131n \u00fcretim s\u00fcrecini ke\u015ffedin. Paraben, SLS ve hayvansal ya\u011f i\u00e7ermeyen, do\u011fal sabunlar\u0131m\u0131z\u0131n kalitesini \u00f6\u011frenin.<\/p>\n","protected":false},"author":515,"featured_media":0,"parent":0,"menu_order":0,"comment_status":"closed","ping_status":"closed","template":"elementor_header_footer","meta":{"footnotes":""},"class_list":["post-13273","page","type-page","status-publish","hentry"],"yoast_head":"<!-- This site is optimized with the Yoast SEO Premium plugin v26.4 (Yoast SEO v27.1.1) - https:\/\/yoast.com\/product\/yoast-seo-premium-wordpress\/ -->\n<title>T\u00fcrkiye El Yap\u0131m\u0131 Sabunlar\u0131m\u0131z Hakk\u0131nda - SOAP LADY \u00d6L\u00dcDENIZ<\/title>\n<meta name=\"robots\" content=\"noindex, follow, max-snippet:-1, max-image-preview:large, max-video-preview:-1\" \/>\n<meta property=\"og:locale\" content=\"tr_TR\" \/>\n<meta property=\"og:type\" content=\"article\" \/>\n<meta property=\"og:title\" content=\"T\u00fcrkiye El Yap\u0131m\u0131 Sabunlar\u0131m\u0131z Hakk\u0131nda\" \/>\n<meta property=\"og:description\" content=\"T\u00fcrkiye&#039;de el yap\u0131m\u0131 \u00fcretilen zeytinya\u011f\u0131 bazl\u0131 sabunlar\u0131m\u0131z\u0131n \u00fcretim s\u00fcrecini ke\u015ffedin. Paraben, SLS ve hayvansal ya\u011f i\u00e7ermeyen, do\u011fal sabunlar\u0131m\u0131z\u0131n kalitesini \u00f6\u011frenin.\" \/>\n<meta property=\"og:url\" content=\"https:\/\/soapladyoludeniz.com\/soapladyshop\/tr\/turkiye-el-yapimi-sabunlarimiz-hakkinda\/\" \/>\n<meta property=\"og:site_name\" content=\"SOAP LADY \u00d6L\u00dcDENIZ\" \/>\n<meta property=\"article:publisher\" content=\"https:\/\/www.facebook.com\/soapladyoludenizz\" \/>\n<meta property=\"article:modified_time\" content=\"2025-10-08T16:08:20+00:00\" \/>\n<meta property=\"og:image\" content=\"https:\/\/soapladyoludeniz.com\/soapladyshop\/wp-content\/uploads\/2025\/02\/About-Soaplady-Oludeniz-soaps-600x600-1.jpg\" \/>\n\t<meta property=\"og:image:width\" content=\"600\" \/>\n\t<meta property=\"og:image:height\" content=\"600\" \/>\n\t<meta property=\"og:image:type\" content=\"image\/jpeg\" \/>\n<meta name=\"twitter:card\" content=\"summary_large_image\" \/>\n<meta name=\"twitter:label1\" content=\"Tahmini okuma s\u00fcresi\" \/>\n\t<meta name=\"twitter:data1\" content=\"3 dakika\" \/>\n<script type=\"application\/ld+json\" class=\"yoast-schema-graph\">{\"@context\":\"https:\/\/schema.org\",\"@graph\":[{\"@type\":\"WebPage\",\"@id\":\"https:\/\/soapladyoludeniz.com\/soapladyshop\/tr\/turkiye-el-yapimi-sabunlarimiz-hakkinda\/\",\"url\":\"https:\/\/soapladyoludeniz.com\/soapladyshop\/tr\/turkiye-el-yapimi-sabunlarimiz-hakkinda\/\",\"name\":\"T\u00fcrkiye El Yap\u0131m\u0131 Sabunlar\u0131m\u0131z Hakk\u0131nda - SOAP LADY \u00d6L\u00dcDENIZ\",\"isPartOf\":{\"@id\":\"https:\/\/soapladyoludeniz.com\/soapladyshop\/#website\"},\"primaryImageOfPage\":{\"@id\":\"https:\/\/soapladyoludeniz.com\/soapladyshop\/tr\/turkiye-el-yapimi-sabunlarimiz-hakkinda\/#primaryimage\"},\"image\":{\"@id\":\"https:\/\/soapladyoludeniz.com\/soapladyshop\/tr\/turkiye-el-yapimi-sabunlarimiz-hakkinda\/#primaryimage\"},\"thumbnailUrl\":\"https:\/\/soapladyoludeniz.com\/soapladyshop\/wp-content\/uploads\/2025\/02\/About-Soaplady-Oludeniz-soaps-600x600-1.jpg\",\"datePublished\":\"2025-08-06T10:32:58+00:00\",\"dateModified\":\"2025-10-08T16:08:20+00:00\",\"breadcrumb\":{\"@id\":\"https:\/\/soapladyoludeniz.com\/soapladyshop\/tr\/turkiye-el-yapimi-sabunlarimiz-hakkinda\/#breadcrumb\"},\"inLanguage\":\"tr\",\"potentialAction\":[{\"@type\":\"ReadAction\",\"target\":[\"https:\/\/soapladyoludeniz.com\/soapladyshop\/tr\/turkiye-el-yapimi-sabunlarimiz-hakkinda\/\"]}]},{\"@type\":\"ImageObject\",\"inLanguage\":\"tr\",\"@id\":\"https:\/\/soapladyoludeniz.com\/soapladyshop\/tr\/turkiye-el-yapimi-sabunlarimiz-hakkinda\/#primaryimage\",\"url\":\"https:\/\/soapladyoludeniz.com\/soapladyshop\/wp-content\/uploads\/2025\/02\/About-Soaplady-Oludeniz-soaps-600x600-1.jpg\",\"contentUrl\":\"https:\/\/soapladyoludeniz.com\/soapladyshop\/wp-content\/uploads\/2025\/02\/About-Soaplady-Oludeniz-soaps-600x600-1.jpg\",\"width\":600,\"height\":600,\"caption\":\"About-Soap-Lady-Oludeniz-Soaps\"},{\"@type\":\"BreadcrumbList\",\"@id\":\"https:\/\/soapladyoludeniz.com\/soapladyshop\/tr\/turkiye-el-yapimi-sabunlarimiz-hakkinda\/#breadcrumb\",\"itemListElement\":[{\"@type\":\"ListItem\",\"position\":1,\"name\":\"Anasayfa\",\"item\":\"https:\/\/soapladyoludeniz.com\/soapladyshop\/\"},{\"@type\":\"ListItem\",\"position\":2,\"name\":\"T\u00fcrkiye El Yap\u0131m\u0131 Sabunlar\u0131m\u0131z Hakk\u0131nda\"}]},{\"@type\":\"WebSite\",\"@id\":\"https:\/\/soapladyoludeniz.com\/soapladyshop\/#website\",\"url\":\"https:\/\/soapladyoludeniz.com\/soapladyshop\/\",\"name\":\"SOAP LADY \u00d6L\u00dcDENIZ\",\"description\":\"TURKISH HANDMADE NATURAL SOAP\",\"publisher\":{\"@id\":\"https:\/\/soapladyoludeniz.com\/soapladyshop\/#organization\"},\"potentialAction\":[{\"@type\":\"SearchAction\",\"target\":{\"@type\":\"EntryPoint\",\"urlTemplate\":\"https:\/\/soapladyoludeniz.com\/soapladyshop\/?s={search_term_string}\"},\"query-input\":{\"@type\":\"PropertyValueSpecification\",\"valueRequired\":true,\"valueName\":\"search_term_string\"}}],\"inLanguage\":\"tr\"},{\"@type\":\"Organization\",\"@id\":\"https:\/\/soapladyoludeniz.com\/soapladyshop\/#organization\",\"name\":\"SOAP LADY \u00d6L\u00dcDENIZ\",\"url\":\"https:\/\/soapladyoludeniz.com\/soapladyshop\/\",\"logo\":{\"@type\":\"ImageObject\",\"inLanguage\":\"tr\",\"@id\":\"https:\/\/soapladyoludeniz.com\/soapladyshop\/#\/schema\/logo\/image\/\",\"url\":\"https:\/\/soapladyoludeniz.com\/soapladyshop\/wp-content\/uploads\/2025\/02\/cropped-soapladylogo.png\",\"contentUrl\":\"https:\/\/soapladyoludeniz.com\/soapladyshop\/wp-content\/uploads\/2025\/02\/cropped-soapladylogo.png\",\"width\":512,\"height\":512,\"caption\":\"SOAP LADY \u00d6L\u00dcDENIZ\"},\"image\":{\"@id\":\"https:\/\/soapladyoludeniz.com\/soapladyshop\/#\/schema\/logo\/image\/\"},\"sameAs\":[\"https:\/\/www.facebook.com\/soapladyoludenizz\",\"https:\/\/www.instagram.com\/soap_lady_oludeniz\"]}]}<\/script>\n<!-- \/ Yoast SEO Premium plugin. -->","yoast_head_json":{"title":"T\u00fcrkiye El Yap\u0131m\u0131 Sabunlar\u0131m\u0131z Hakk\u0131nda - SOAP LADY \u00d6L\u00dcDENIZ","robots":{"index":"noindex","follow":"follow","max-snippet":"max-snippet:-1","max-image-preview":"max-image-preview:large","max-video-preview":"max-video-preview:-1"},"og_locale":"tr_TR","og_type":"article","og_title":"T\u00fcrkiye El Yap\u0131m\u0131 Sabunlar\u0131m\u0131z Hakk\u0131nda","og_description":"T\u00fcrkiye'de el yap\u0131m\u0131 \u00fcretilen zeytinya\u011f\u0131 bazl\u0131 sabunlar\u0131m\u0131z\u0131n \u00fcretim s\u00fcrecini ke\u015ffedin. Paraben, SLS ve hayvansal ya\u011f i\u00e7ermeyen, do\u011fal sabunlar\u0131m\u0131z\u0131n kalitesini \u00f6\u011frenin.","og_url":"https:\/\/soapladyoludeniz.com\/soapladyshop\/tr\/turkiye-el-yapimi-sabunlarimiz-hakkinda\/","og_site_name":"SOAP LADY \u00d6L\u00dcDENIZ","article_publisher":"https:\/\/www.facebook.com\/soapladyoludenizz","article_modified_time":"2025-10-08T16:08:20+00:00","og_image":[{"width":600,"height":600,"url":"https:\/\/soapladyoludeniz.com\/soapladyshop\/wp-content\/uploads\/2025\/02\/About-Soaplady-Oludeniz-soaps-600x600-1.jpg","type":"image\/jpeg"}],"twitter_card":"summary_large_image","twitter_misc":{"Tahmini okuma s\u00fcresi":"3 dakika"},"schema":{"@context":"https:\/\/schema.org","@graph":[{"@type":"WebPage","@id":"https:\/\/soapladyoludeniz.com\/soapladyshop\/tr\/turkiye-el-yapimi-sabunlarimiz-hakkinda\/","url":"https:\/\/soapladyoludeniz.com\/soapladyshop\/tr\/turkiye-el-yapimi-sabunlarimiz-hakkinda\/","name":"T\u00fcrkiye El Yap\u0131m\u0131 Sabunlar\u0131m\u0131z Hakk\u0131nda - SOAP LADY \u00d6L\u00dcDENIZ","isPartOf":{"@id":"https:\/\/soapladyoludeniz.com\/soapladyshop\/#website"},"primaryImageOfPage":{"@id":"https:\/\/soapladyoludeniz.com\/soapladyshop\/tr\/turkiye-el-yapimi-sabunlarimiz-hakkinda\/#primaryimage"},"image":{"@id":"https:\/\/soapladyoludeniz.com\/soapladyshop\/tr\/turkiye-el-yapimi-sabunlarimiz-hakkinda\/#primaryimage"},"thumbnailUrl":"https:\/\/soapladyoludeniz.com\/soapladyshop\/wp-content\/uploads\/2025\/02\/About-Soaplady-Oludeniz-soaps-600x600-1.jpg","datePublished":"2025-08-06T10:32:58+00:00","dateModified":"2025-10-08T16:08:20+00:00","breadcrumb":{"@id":"https:\/\/soapladyoludeniz.com\/soapladyshop\/tr\/turkiye-el-yapimi-sabunlarimiz-hakkinda\/#breadcrumb"},"inLanguage":"tr","potentialAction":[{"@type":"ReadAction","target":["https:\/\/soapladyoludeniz.com\/soapladyshop\/tr\/turkiye-el-yapimi-sabunlarimiz-hakkinda\/"]}]},{"@type":"ImageObject","inLanguage":"tr","@id":"https:\/\/soapladyoludeniz.com\/soapladyshop\/tr\/turkiye-el-yapimi-sabunlarimiz-hakkinda\/#primaryimage","url":"https:\/\/soapladyoludeniz.com\/soapladyshop\/wp-content\/uploads\/2025\/02\/About-Soaplady-Oludeniz-soaps-600x600-1.jpg","contentUrl":"https:\/\/soapladyoludeniz.com\/soapladyshop\/wp-content\/uploads\/2025\/02\/About-Soaplady-Oludeniz-soaps-600x600-1.jpg","width":600,"height":600,"caption":"About-Soap-Lady-Oludeniz-Soaps"},{"@type":"BreadcrumbList","@id":"https:\/\/soapladyoludeniz.com\/soapladyshop\/tr\/turkiye-el-yapimi-sabunlarimiz-hakkinda\/#breadcrumb","itemListElement":[{"@type":"ListItem","position":1,"name":"Anasayfa","item":"https:\/\/soapladyoludeniz.com\/soapladyshop\/"},{"@type":"ListItem","position":2,"name":"T\u00fcrkiye El Yap\u0131m\u0131 Sabunlar\u0131m\u0131z Hakk\u0131nda"}]},{"@type":"WebSite","@id":"https:\/\/soapladyoludeniz.com\/soapladyshop\/#website","url":"https:\/\/soapladyoludeniz.com\/soapladyshop\/","name":"SOAP LADY \u00d6L\u00dcDENIZ","description":"TURKISH HANDMADE NATURAL SOAP","publisher":{"@id":"https:\/\/soapladyoludeniz.com\/soapladyshop\/#organization"},"potentialAction":[{"@type":"SearchAction","target":{"@type":"EntryPoint","urlTemplate":"https:\/\/soapladyoludeniz.com\/soapladyshop\/?s={search_term_string}"},"query-input":{"@type":"PropertyValueSpecification","valueRequired":true,"valueName":"search_term_string"}}],"inLanguage":"tr"},{"@type":"Organization","@id":"https:\/\/soapladyoludeniz.com\/soapladyshop\/#organization","name":"SOAP LADY \u00d6L\u00dcDENIZ","url":"https:\/\/soapladyoludeniz.com\/soapladyshop\/","logo":{"@type":"ImageObject","inLanguage":"tr","@id":"https:\/\/soapladyoludeniz.com\/soapladyshop\/#\/schema\/logo\/image\/","url":"https:\/\/soapladyoludeniz.com\/soapladyshop\/wp-content\/uploads\/2025\/02\/cropped-soapladylogo.png","contentUrl":"https:\/\/soapladyoludeniz.com\/soapladyshop\/wp-content\/uploads\/2025\/02\/cropped-soapladylogo.png","width":512,"height":512,"caption":"SOAP LADY \u00d6L\u00dcDENIZ"},"image":{"@id":"https:\/\/soapladyoludeniz.com\/soapladyshop\/#\/schema\/logo\/image\/"},"sameAs":["https:\/\/www.facebook.com\/soapladyoludenizz","https:\/\/www.instagram.com\/soap_lady_oludeniz"]}]}},"_links":{"self":[{"href":"https:\/\/soapladyoludeniz.com\/soapladyshop\/wp-json\/wp\/v2\/pages\/13273","targetHints":{"allow":["GET"]}}],"collection":[{"href":"https:\/\/soapladyoludeniz.com\/soapladyshop\/wp-json\/wp\/v2\/pages"}],"about":[{"href":"https:\/\/soapladyoludeniz.com\/soapladyshop\/wp-json\/wp\/v2\/types\/page"}],"author":[{"embeddable":true,"href":"https:\/\/soapladyoludeniz.com\/soapladyshop\/wp-json\/wp\/v2\/users\/515"}],"replies":[{"embeddable":true,"href":"https:\/\/soapladyoludeniz.com\/soapladyshop\/wp-json\/wp\/v2\/comments?post=13273"}],"version-history":[{"count":12,"href":"https:\/\/soapladyoludeniz.com\/soapladyshop\/wp-json\/wp\/v2\/pages\/13273\/revisions"}],"predecessor-version":[{"id":14234,"href":"https:\/\/soapladyoludeniz.com\/soapladyshop\/wp-json\/wp\/v2\/pages\/13273\/revisions\/14234"}],"wp:attachment":[{"href":"https:\/\/soapladyoludeniz.com\/soapladyshop\/wp-json\/wp\/v2\/media?parent=13273"}],"curies":[{"name":"wp","href":"https:\/\/api.w.org\/{rel}","templated":true}]}}